{"id":315,"date":"2018-06-17T09:14:12","date_gmt":"2018-06-17T07:14:12","guid":{"rendered":"https:\/\/www.rafpro.io\/?page_id=315"},"modified":"2025-04-14T22:54:03","modified_gmt":"2025-04-14T23:54:03","slug":"president-actuel","status":"publish","type":"page","link":"https:\/\/rafpro.io\/fr\/president-actuel\/","title":{"rendered":"Pr\u00e9sident Lawal"},"content":{"rendered":"\n\n\t<h1>M. ABDOU DJERMA LAWAL<\/h1>\n<p><strong>Pr\u00e9sident r\u00e9\u00e9lu en 2021<\/strong><br \/>Directeur G\u00e9n\u00e9ral du FAFPA-Niger<\/p>\n<blockquote><p>\u00a0\u00bb Nul Etat ne peut concevoir son d\u00e9veloppement sans valoriser ses ressources humaines. Plusieurs pays l&rsquo;ont tr\u00e8s t\u00f4t compris en mettant en place des politiques nationales de d\u00e9veloppement, de renforcement des capacit\u00e9s, de financement et de redynamisation des structures et syst\u00e8mes de formation professionnelle&#8230;<br \/>Mais face \u00e0 l&rsquo;effondrement des fronti\u00e8res et aux enjeux<\/p><\/blockquote>\n<blockquote>\n<p>\u00e9conomiques et sociaux r\u00e9sultant de la mondialisation, nos Etats ont d\u00e9cid\u00e9, pour surmonter les difficult\u00e9s inh\u00e9rentes au secteur de la formation professionnelle, de f\u00e9d\u00e9rer leurs efforts et initiatives, et de mutualiser leurs exp\u00e9riences. Cette prise de conscience se mat\u00e9rialisa par la mise sur fonds baptismaux du R\u00e9seau Africains des Institutions et Fonds de Formation professionnelle en septembre 2006.<\/p>\n<\/blockquote>\n<h2>Quatre questions au Pr\u00e9sident Lawal<\/h2>\n<p>C&rsquo;est un sentiment de joie et de satisfaction qui m&rsquo;anime suite au travail abattu par nos diff\u00e9rents experts. Ils ont r\u00e9alis\u00e9s<br \/>tout le travail de base, et ont<br \/>permis de boucler les dossiers\u00a0en instance.<\/p>\n<p>Bien s\u00fbr !!! Trois pays sont candidats \u00e0 leur int\u00e9gration dans l&rsquo;organisation. Nous pensons en permanence \u00e0 l&rsquo;\u00e9largissement du r\u00e9seau, surtout vers les pays lusophones et anglophones, en vue d&rsquo;une meilleure mutualisation au profit de l&#8217;employabilit\u00e9 de la jeunesse africaine.<\/p>\n<p>D\u00e9marrage du Programme R\u00e9gional de la Formation professionnelle (PROFOR) et le projet de formation Professionnelle en Milieu Rural, avec l&rsquo;appui de la coop\u00e9ration Suisse .<\/p>\n<p>Les \u00e9lus politiques de chaque pays\u00a0 sont tr\u00e8s engag\u00e9s dans nos d\u00e9marches tout comme l&rsquo;est le Bureau International du Travail (BIT) par exemple .<\/p>\n<p>Le pr\u00e9sident Abdou Djerma Lawal \u00e0 vu son mandat \u00eatre reconduit lors des \u00e9lections de <a href=\"https:\/\/rafpro.io\/assemblee-generale-2021\/\">l&rsquo;assembl\u00e9e G\u00e9n\u00e9rale annuelle ordinaire en 2021<\/a><\/p>\n\n","protected":false},"excerpt":{"rendered":"<p>M. ABDOU DJERMA LAWAL Pr\u00e9sident r\u00e9\u00e9lu en 2021Directeur G\u00e9n\u00e9ral du FAFPA-Niger \u00a0\u00bb Nul Etat ne peut concevoir son d\u00e9veloppement sans valoriser ses ressources humaines. Plusieurs pays l&rsquo;ont tr\u00e8s t\u00f4t compris en mettant en place des politiques nationales de d\u00e9veloppement, de renforcement des capacit\u00e9s, de financement et de redynamisation des structures et syst\u00e8mes de formation professionnelle&#8230;Mais &#8230; <a title=\"Pr\u00e9sident Lawal\" class=\"read-more\" href=\"https:\/\/rafpro.io\/fr\/president-actuel\/\" aria-label=\"Plus sur Pr\u00e9sident Lawal\">Lire plus<\/a><\/p>\n","protected":false},"author":7,"featured_media":0,"parent":0,"menu_order":0,"comment_status":"closed","ping_status":"closed","template":"","meta":{"footnotes":""},"class_list":["post-315","page","type-page","status-publish"],"yoast_head":"<!-- This site is optimized with the Yoast SEO plugin v25.7 - https:\/\/yoast.com\/wordpress\/plugins\/seo\/ -->\n<title>Abdou Djerma Lawal, re-elected president of RAFPRO since 2018<\/title>\n<meta name=\"description\" content=\"Abdou Djerma Lawal is the president of RAFPRO. He leads the institution and coordinates the 14 member institutions to ensure its sustainability.\" \/>\n<meta name=\"robots\" content=\"index, follow, max-snippet:-1, max-image-preview:large, max-video-preview:-1\" \/>\n<link rel=\"canonical\" href=\"https:\/\/rafpro.io\/fr\/president-actuel\/\" \/>\n<meta property=\"og:locale\" content=\"fr_FR\" \/>\n<meta property=\"og:type\" content=\"article\" \/>\n<meta property=\"og:title\" content=\"Abdou Djerma Lawal, re-elected president of RAFPRO since 2018\" \/>\n<meta property=\"og:description\" content=\"Abdou Djerma Lawal is the president of RAFPRO. He leads the institution and coordinates the 14 member institutions to ensure its sustainability.\" \/>\n<meta property=\"og:url\" content=\"https:\/\/rafpro.io\/fr\/president-actuel\/\" \/>\n<meta property=\"og:site_name\" content=\"RAFPRO\" \/>\n<meta property=\"article:modified_time\" content=\"2025-04-14T23:54:03+00:00\" \/>\n<meta name=\"twitter:card\" content=\"summary_large_image\" \/>\n<meta name=\"twitter:label1\" content=\"Dur\u00e9e de lecture estim\u00e9e\" \/>\n\t<meta name=\"twitter:data1\" content=\"2 minutes\" \/>\n<script type=\"application\/ld+json\" class=\"yoast-schema-graph\">{\"@context\":\"https:\/\/schema.org\",\"@graph\":[{\"@type\":\"WebPage\",\"@id\":\"https:\/\/rafpro.io\/fr\/president-actuel\/\",\"url\":\"https:\/\/rafpro.io\/fr\/president-actuel\/\",\"name\":\"Abdou Djerma Lawal, re-elected president of RAFPRO since 2018\",\"isPartOf\":{\"@id\":\"https:\/\/rafpro.io\/fr\/#website\"},\"datePublished\":\"2018-06-17T07:14:12+00:00\",\"dateModified\":\"2025-04-14T23:54:03+00:00\",\"description\":\"Abdou Djerma Lawal is the president of RAFPRO. He leads the institution and coordinates the 14 member institutions to ensure its sustainability.\",\"breadcrumb\":{\"@id\":\"https:\/\/rafpro.io\/fr\/president-actuel\/#breadcrumb\"},\"inLanguage\":\"fr-FR\",\"potentialAction\":[{\"@type\":\"ReadAction\",\"target\":[\"https:\/\/rafpro.io\/fr\/president-actuel\/\"]}]},{\"@type\":\"BreadcrumbList\",\"@id\":\"https:\/\/rafpro.io\/fr\/president-actuel\/#breadcrumb\",\"itemListElement\":[{\"@type\":\"ListItem\",\"position\":1,\"name\":\"Accueil\",\"item\":\"https:\/\/rafpro.io\/\"},{\"@type\":\"ListItem\",\"position\":2,\"name\":\"president\"}]},{\"@type\":\"WebSite\",\"@id\":\"https:\/\/rafpro.io\/fr\/#website\",\"url\":\"https:\/\/rafpro.io\/fr\/\",\"name\":\"RAFPRO\",\"description\":\"Coordonner la formation professionnelle en Afrique\",\"publisher\":{\"@id\":\"https:\/\/rafpro.io\/fr\/#organization\"},\"potentialAction\":[{\"@type\":\"SearchAction\",\"target\":{\"@type\":\"EntryPoint\",\"urlTemplate\":\"https:\/\/rafpro.io\/fr\/?s={search_term_string}\"},\"query-input\":{\"@type\":\"PropertyValueSpecification\",\"valueRequired\":true,\"valueName\":\"search_term_string\"}}],\"inLanguage\":\"fr-FR\"},{\"@type\":\"Organization\",\"@id\":\"https:\/\/rafpro.io\/fr\/#organization\",\"name\":\"RAFPRO\",\"url\":\"https:\/\/rafpro.io\/fr\/\",\"logo\":{\"@type\":\"ImageObject\",\"inLanguage\":\"fr-FR\",\"@id\":\"https:\/\/rafpro.io\/fr\/#\/schema\/logo\/image\/\",\"url\":\"https:\/\/rafpro.io\/wp-content\/uploads\/2022\/09\/cropped-rafprologo-1-211x179-1.jpg\",\"contentUrl\":\"https:\/\/rafpro.io\/wp-content\/uploads\/2022\/09\/cropped-rafprologo-1-211x179-1.jpg\",\"width\":211,\"height\":179,\"caption\":\"RAFPRO\"},\"image\":{\"@id\":\"https:\/\/rafpro.io\/fr\/#\/schema\/logo\/image\/\"}}]}<\/script>\n<!-- \/ Yoast SEO plugin. -->","yoast_head_json":{"title":"Abdou Djerma Lawal, re-elected president of RAFPRO since 2018","description":"Abdou Djerma Lawal is the president of RAFPRO. He leads the institution and coordinates the 14 member institutions to ensure its sustainability.","robots":{"index":"index","follow":"follow","max-snippet":"max-snippet:-1","max-image-preview":"max-image-preview:large","max-video-preview":"max-video-preview:-1"},"canonical":"https:\/\/rafpro.io\/fr\/president-actuel\/","og_locale":"fr_FR","og_type":"article","og_title":"Abdou Djerma Lawal, re-elected president of RAFPRO since 2018","og_description":"Abdou Djerma Lawal is the president of RAFPRO. He leads the institution and coordinates the 14 member institutions to ensure its sustainability.","og_url":"https:\/\/rafpro.io\/fr\/president-actuel\/","og_site_name":"RAFPRO","article_modified_time":"2025-04-14T23:54:03+00:00","twitter_card":"summary_large_image","twitter_misc":{"Dur\u00e9e de lecture estim\u00e9e":"2 minutes"},"schema":{"@context":"https:\/\/schema.org","@graph":[{"@type":"WebPage","@id":"https:\/\/rafpro.io\/fr\/president-actuel\/","url":"https:\/\/rafpro.io\/fr\/president-actuel\/","name":"Abdou Djerma Lawal, re-elected president of RAFPRO since 2018","isPartOf":{"@id":"https:\/\/rafpro.io\/fr\/#website"},"datePublished":"2018-06-17T07:14:12+00:00","dateModified":"2025-04-14T23:54:03+00:00","description":"Abdou Djerma Lawal is the president of RAFPRO. He leads the institution and coordinates the 14 member institutions to ensure its sustainability.","breadcrumb":{"@id":"https:\/\/rafpro.io\/fr\/president-actuel\/#breadcrumb"},"inLanguage":"fr-FR","potentialAction":[{"@type":"ReadAction","target":["https:\/\/rafpro.io\/fr\/president-actuel\/"]}]},{"@type":"BreadcrumbList","@id":"https:\/\/rafpro.io\/fr\/president-actuel\/#breadcrumb","itemListElement":[{"@type":"ListItem","position":1,"name":"Accueil","item":"https:\/\/rafpro.io\/"},{"@type":"ListItem","position":2,"name":"president"}]},{"@type":"WebSite","@id":"https:\/\/rafpro.io\/fr\/#website","url":"https:\/\/rafpro.io\/fr\/","name":"RAFPRO","description":"Coordonner la formation professionnelle en Afrique","publisher":{"@id":"https:\/\/rafpro.io\/fr\/#organization"},"potentialAction":[{"@type":"SearchAction","target":{"@type":"EntryPoint","urlTemplate":"https:\/\/rafpro.io\/fr\/?s={search_term_string}"},"query-input":{"@type":"PropertyValueSpecification","valueRequired":true,"valueName":"search_term_string"}}],"inLanguage":"fr-FR"},{"@type":"Organization","@id":"https:\/\/rafpro.io\/fr\/#organization","name":"RAFPRO","url":"https:\/\/rafpro.io\/fr\/","logo":{"@type":"ImageObject","inLanguage":"fr-FR","@id":"https:\/\/rafpro.io\/fr\/#\/schema\/logo\/image\/","url":"https:\/\/rafpro.io\/wp-content\/uploads\/2022\/09\/cropped-rafprologo-1-211x179-1.jpg","contentUrl":"https:\/\/rafpro.io\/wp-content\/uploads\/2022\/09\/cropped-rafprologo-1-211x179-1.jpg","width":211,"height":179,"caption":"RAFPRO"},"image":{"@id":"https:\/\/rafpro.io\/fr\/#\/schema\/logo\/image\/"}}]}},"_links":{"self":[{"href":"https:\/\/rafpro.io\/fr\/wp-json\/wp\/v2\/pages\/315","targetHints":{"allow":["GET"]}}],"collection":[{"href":"https:\/\/rafpro.io\/fr\/wp-json\/wp\/v2\/pages"}],"about":[{"href":"https:\/\/rafpro.io\/fr\/wp-json\/wp\/v2\/types\/page"}],"author":[{"embeddable":true,"href":"https:\/\/rafpro.io\/fr\/wp-json\/wp\/v2\/users\/7"}],"replies":[{"embeddable":true,"href":"https:\/\/rafpro.io\/fr\/wp-json\/wp\/v2\/comments?post=315"}],"version-history":[{"count":2,"href":"https:\/\/rafpro.io\/fr\/wp-json\/wp\/v2\/pages\/315\/revisions"}],"predecessor-version":[{"id":2483,"href":"https:\/\/rafpro.io\/fr\/wp-json\/wp\/v2\/pages\/315\/revisions\/2483"}],"wp:attachment":[{"href":"https:\/\/rafpro.io\/fr\/wp-json\/wp\/v2\/media?parent=315"}],"curies":[{"name":"wp","href":"https:\/\/api.w.org\/{rel}","templated":true}]}}