{"id":305,"date":"2018-06-17T09:09:14","date_gmt":"2018-06-17T07:09:14","guid":{"rendered":"https:\/\/www.rafpro.io\/?page_id=305"},"modified":"2025-04-14T22:53:46","modified_gmt":"2025-04-14T23:53:46","slug":"qui-sommes-nous","status":"publish","type":"page","link":"https:\/\/rafpro.io\/fr\/qui-sommes-nous\/","title":{"rendered":"Qui sommes-nous?"},"content":{"rendered":"\n\n\t<p><img loading=\"lazy\" decoding=\"async\" title=\"responsable-rafpro\" src=\"https:\/\/rafpro.io\/wp-content\/uploads\/2022\/09\/responsable-rafpro-1.jpg\" alt=\"elu rafpro\" width=\"1173\" height=\"543\" \/><\/p>\n<p>Le R\u00e9seau Africain des Institutions et Fonds de Formation Professionnelle (RAFPRO) a \u00e9t\u00e9 cr\u00e9\u00e9 en 2006 \u00e0 Cotonou par dix (10) Institutions et Fonds de formation professionnelle continue, r\u00e9manentes de neuf pays africains.<\/p>\n<p>Il compte actuellement treize (13) Institutions et Fonds et couvre douze (12) pays africains.<br \/>Des douze pays impliqu\u00e9s, huit (8) rel\u00e8vent de la sous-r\u00e9gion ouest-africaine et trois (3) appartiennent \u00e0 la sous-r\u00e9gion centrale. A cet ensemble, s&rsquo;ajoute le Madagascar.<br \/>Le RAFPRO a pour vision de regrouper les Institutions et Fonds de formation professionnelle pour s&rsquo;imposer dans le domaine et capitaliser les exp\u00e9riences en vue d&rsquo;une synergie d&rsquo;actions.<\/p>\n<h2>Nos Missions<\/h2>\n<section>Le R\u00e9seau a pour mission, la promotion de la formation professionnelle et le d\u00e9veloppement de la culture de l&rsquo;investissement dans les ressources humaines. A ce titre, il est charg\u00e9 notamment de :<\/section>\n<ul>\n<li>Favoriser un meilleur \u00e9change d&rsquo;exp\u00e9riences et de bonnes pratiques entre ses membres ;<\/li>\n<li>Servir de cadre de concertation p\u00e9riodique et de r\u00e9flexion sur la contribution des Institutions et Fonds de formation professionnelle \u00e0 la conception et \u00e0 la mise en \u0153uvre de programmes de d\u00e9veloppement de comp\u00e9tences pour la comp\u00e9titivit\u00e9 des entreprises, la cr\u00e9ation de l&#8217;emploi, l&rsquo;insertion professionnelle et la lutte contre la pauvret\u00e9 ;<\/li>\n<li>\u0153uvrer au renforcement des capacit\u00e9s du personnel des Institutions et Fonds membres du R\u00e9seau ;<\/li>\n<li>Nouer des partenariats en vue des \u00e9changes avec des associations similaires et autres institutions visant les m\u00eames buts ;<\/li>\n<\/ul>\n<ul>\n<li>Initier et conduire avec l&rsquo;appui de partenaires techniques et financiers, des programmes d&rsquo;\u00e9tudes, de formation et d&rsquo;insertion professionnelles ;<\/li>\n<li>\u00catre un R\u00e9seau de r\u00e9f\u00e9rence aupr\u00e8s des organisations internationales, des partenaires techniques et financiers et des organismes en charge de la formation professionnelle ;<\/li>\n<li>Assurer la promotion du R\u00e9seau et susciter l&rsquo;adh\u00e9sion aupr\u00e8s d&rsquo;organismes de financement de la formation professionnelle int\u00e9ress\u00e9s.<\/li>\n<li>Contribuer \u00e0 l&rsquo;am\u00e9lioration des modes et syst\u00e8mes de gestion des Fonds et \u00e0 la qualit\u00e9 des services ;<\/li>\n<li>Faire le plaidoyer aupr\u00e8s des Etats et des institutions pour faciliter, \u00e0 ses membres, l&rsquo;accomplissement de leur mission ;<\/li>\n<\/ul>\n<p>Les Pays Membres en 2022<\/p>\n<h2>Notre histoire<\/h2>\n<p>Les Institutions et Fonds de formation mis en place par les \u00c9tats, dans le cadre des politiques de valorisation des Ressources Humaines, ont pour objectifs de favoriser le d\u00e9veloppement des comp\u00e9tences des salari\u00e9s d&rsquo;entreprises formelles ainsi que des acteurs et organisations professionnelles des secteurs agricole, artisanal et non structur\u00e9.<\/p>\n<p>\u00c0 terme, contribuer \u00e0 accro\u00eetre la productivit\u00e9 de la main-d&rsquo;\u0153uvre et am\u00e9liorer la comp\u00e9titivit\u00e9 des entreprises et organisations professionnelles au travers de la formation.<\/p>\n<p><img loading=\"lazy\" decoding=\"async\" title=\"histoire\" src=\"https:\/\/rafpro.io\/wp-content\/uploads\/2022\/09\/histoire.jpg\" alt=\"notre histoire\" width=\"500\" height=\"281\" \/><\/p>\n<h3>Un r\u00e9seau d&rsquo;\u00e9change<\/h3>\n<p>Pour plus d&rsquo;efficacit\u00e9 et conjuguer leurs efforts, les Institutions et Fonds de Formation se sont constitu\u00e9s en R\u00e9seau, d\u00e9nomm\u00e9 R\u00e9seau Africain des Institutions et Fonds de Formation (<a href=\"https:\/\/rafpro.io\/\">RAFPRO<\/a>).<br \/>C&rsquo;est ainsi que port\u00e9 sur les fonds baptismaux en septembre 2006 \u00e0 Cotonou avec l&rsquo;appui du Bureau International du Travail (BIT), le R\u00e9seau Africain des Institutions et Fonds de Formation Professionnelle (RAFPRO) a \u00e9t\u00e9 cr\u00e9\u00e9 en tant qu&rsquo;une association r\u00e9gie par la loi 1901.<\/p>\n<p>Le RAFPRO, en tant que cadre de concertation, vise, gr\u00e2ce entre autres aux \u00e9changes de bonnes pratiques, \u00e0 alimenter les r\u00e9flexions sur les questions de D\u00e9veloppement des Comp\u00e9tences Techniques et Professionnelles (DCTP), afin d&rsquo;agir significativement sur la performance de la main-d&rsquo;\u0153uvre et la comp\u00e9titivit\u00e9 des secteurs productifs.<\/p>\n\n","protected":false},"excerpt":{"rendered":"<p>Le R\u00e9seau Africain des Institutions et Fonds de Formation Professionnelle (RAFPRO) a \u00e9t\u00e9 cr\u00e9\u00e9 en 2006 \u00e0 Cotonou par dix (10) Institutions et Fonds de formation professionnelle continue, r\u00e9manentes de neuf pays africains. Il compte actuellement treize (13) Institutions et Fonds et couvre douze (12) pays africains.Des douze pays impliqu\u00e9s, huit (8) rel\u00e8vent de la &#8230; <a title=\"Qui sommes-nous?\" class=\"read-more\" href=\"https:\/\/rafpro.io\/fr\/qui-sommes-nous\/\" aria-label=\"Plus sur Qui sommes-nous?\">Lire plus<\/a><\/p>\n","protected":false},"author":7,"featured_media":0,"parent":0,"menu_order":0,"comment_status":"closed","ping_status":"closed","template":"","meta":{"footnotes":""},"class_list":["post-305","page","type-page","status-publish"],"yoast_head":"<!-- This site is optimized with the Yoast SEO plugin v25.7 - https:\/\/yoast.com\/wordpress\/plugins\/seo\/ -->\n<title>Who are the members of RAFPRO? and what is their mission?<\/title>\n<meta name=\"description\" content=\"Since 2006, rafpro has united 12 countries around common objectives by pooling vocational training systems in Africa.\" \/>\n<meta name=\"robots\" content=\"index, follow, max-snippet:-1, max-image-preview:large, max-video-preview:-1\" \/>\n<link rel=\"canonical\" href=\"https:\/\/rafpro.io\/fr\/qui-sommes-nous\/\" \/>\n<meta property=\"og:locale\" content=\"fr_FR\" \/>\n<meta property=\"og:type\" content=\"article\" \/>\n<meta property=\"og:title\" content=\"Who are the members of RAFPRO? and what is their mission?\" \/>\n<meta property=\"og:description\" content=\"Since 2006, rafpro has united 12 countries around common objectives by pooling vocational training systems in Africa.\" \/>\n<meta property=\"og:url\" content=\"https:\/\/rafpro.io\/fr\/qui-sommes-nous\/\" \/>\n<meta property=\"og:site_name\" content=\"RAFPRO\" \/>\n<meta property=\"article:modified_time\" content=\"2025-04-14T23:53:46+00:00\" \/>\n<meta property=\"og:image\" content=\"https:\/\/rafpro.io\/wp-content\/uploads\/2022\/09\/responsable-rafpro-1.jpg\" \/>\n<meta name=\"twitter:card\" content=\"summary_large_image\" \/>\n<meta name=\"twitter:label1\" content=\"Dur\u00e9e de lecture estim\u00e9e\" \/>\n\t<meta name=\"twitter:data1\" content=\"4 minutes\" \/>\n<script type=\"application\/ld+json\" class=\"yoast-schema-graph\">{\"@context\":\"https:\/\/schema.org\",\"@graph\":[{\"@type\":\"WebPage\",\"@id\":\"https:\/\/rafpro.io\/fr\/qui-sommes-nous\/\",\"url\":\"https:\/\/rafpro.io\/fr\/qui-sommes-nous\/\",\"name\":\"Who are the members of RAFPRO? and what is their mission?\",\"isPartOf\":{\"@id\":\"https:\/\/rafpro.io\/fr\/#website\"},\"primaryImageOfPage\":{\"@id\":\"https:\/\/rafpro.io\/fr\/qui-sommes-nous\/#primaryimage\"},\"image\":{\"@id\":\"https:\/\/rafpro.io\/fr\/qui-sommes-nous\/#primaryimage\"},\"thumbnailUrl\":\"https:\/\/rafpro.io\/wp-content\/uploads\/2022\/09\/responsable-rafpro-1.jpg\",\"datePublished\":\"2018-06-17T07:09:14+00:00\",\"dateModified\":\"2025-04-14T23:53:46+00:00\",\"description\":\"Since 2006, rafpro has united 12 countries around common objectives by pooling vocational training systems in Africa.\",\"breadcrumb\":{\"@id\":\"https:\/\/rafpro.io\/fr\/qui-sommes-nous\/#breadcrumb\"},\"inLanguage\":\"fr-FR\",\"potentialAction\":[{\"@type\":\"ReadAction\",\"target\":[\"https:\/\/rafpro.io\/fr\/qui-sommes-nous\/\"]}]},{\"@type\":\"ImageObject\",\"inLanguage\":\"fr-FR\",\"@id\":\"https:\/\/rafpro.io\/fr\/qui-sommes-nous\/#primaryimage\",\"url\":\"https:\/\/rafpro.io\/wp-content\/uploads\/2022\/09\/responsable-rafpro-1.jpg\",\"contentUrl\":\"https:\/\/rafpro.io\/wp-content\/uploads\/2022\/09\/responsable-rafpro-1.jpg\"},{\"@type\":\"BreadcrumbList\",\"@id\":\"https:\/\/rafpro.io\/fr\/qui-sommes-nous\/#breadcrumb\",\"itemListElement\":[{\"@type\":\"ListItem\",\"position\":1,\"name\":\"Accueil\",\"item\":\"https:\/\/rafpro.io\/\"},{\"@type\":\"ListItem\",\"position\":2,\"name\":\"Qui sommes-nous?\"}]},{\"@type\":\"WebSite\",\"@id\":\"https:\/\/rafpro.io\/fr\/#website\",\"url\":\"https:\/\/rafpro.io\/fr\/\",\"name\":\"RAFPRO\",\"description\":\"Coordonner la formation professionnelle en Afrique\",\"publisher\":{\"@id\":\"https:\/\/rafpro.io\/fr\/#organization\"},\"potentialAction\":[{\"@type\":\"SearchAction\",\"target\":{\"@type\":\"EntryPoint\",\"urlTemplate\":\"https:\/\/rafpro.io\/fr\/?s={search_term_string}\"},\"query-input\":{\"@type\":\"PropertyValueSpecification\",\"valueRequired\":true,\"valueName\":\"search_term_string\"}}],\"inLanguage\":\"fr-FR\"},{\"@type\":\"Organization\",\"@id\":\"https:\/\/rafpro.io\/fr\/#organization\",\"name\":\"RAFPRO\",\"url\":\"https:\/\/rafpro.io\/fr\/\",\"logo\":{\"@type\":\"ImageObject\",\"inLanguage\":\"fr-FR\",\"@id\":\"https:\/\/rafpro.io\/fr\/#\/schema\/logo\/image\/\",\"url\":\"https:\/\/rafpro.io\/wp-content\/uploads\/2022\/09\/cropped-rafprologo-1-211x179-1.jpg\",\"contentUrl\":\"https:\/\/rafpro.io\/wp-content\/uploads\/2022\/09\/cropped-rafprologo-1-211x179-1.jpg\",\"width\":211,\"height\":179,\"caption\":\"RAFPRO\"},\"image\":{\"@id\":\"https:\/\/rafpro.io\/fr\/#\/schema\/logo\/image\/\"}}]}<\/script>\n<!-- \/ Yoast SEO plugin. -->","yoast_head_json":{"title":"Who are the members of RAFPRO? and what is their mission?","description":"Since 2006, rafpro has united 12 countries around common objectives by pooling vocational training systems in Africa.","robots":{"index":"index","follow":"follow","max-snippet":"max-snippet:-1","max-image-preview":"max-image-preview:large","max-video-preview":"max-video-preview:-1"},"canonical":"https:\/\/rafpro.io\/fr\/qui-sommes-nous\/","og_locale":"fr_FR","og_type":"article","og_title":"Who are the members of RAFPRO? and what is their mission?","og_description":"Since 2006, rafpro has united 12 countries around common objectives by pooling vocational training systems in Africa.","og_url":"https:\/\/rafpro.io\/fr\/qui-sommes-nous\/","og_site_name":"RAFPRO","article_modified_time":"2025-04-14T23:53:46+00:00","og_image":[{"url":"https:\/\/rafpro.io\/wp-content\/uploads\/2022\/09\/responsable-rafpro-1.jpg","type":"","width":"","height":""}],"twitter_card":"summary_large_image","twitter_misc":{"Dur\u00e9e de lecture estim\u00e9e":"4 minutes"},"schema":{"@context":"https:\/\/schema.org","@graph":[{"@type":"WebPage","@id":"https:\/\/rafpro.io\/fr\/qui-sommes-nous\/","url":"https:\/\/rafpro.io\/fr\/qui-sommes-nous\/","name":"Who are the members of RAFPRO? and what is their mission?","isPartOf":{"@id":"https:\/\/rafpro.io\/fr\/#website"},"primaryImageOfPage":{"@id":"https:\/\/rafpro.io\/fr\/qui-sommes-nous\/#primaryimage"},"image":{"@id":"https:\/\/rafpro.io\/fr\/qui-sommes-nous\/#primaryimage"},"thumbnailUrl":"https:\/\/rafpro.io\/wp-content\/uploads\/2022\/09\/responsable-rafpro-1.jpg","datePublished":"2018-06-17T07:09:14+00:00","dateModified":"2025-04-14T23:53:46+00:00","description":"Since 2006, rafpro has united 12 countries around common objectives by pooling vocational training systems in Africa.","breadcrumb":{"@id":"https:\/\/rafpro.io\/fr\/qui-sommes-nous\/#breadcrumb"},"inLanguage":"fr-FR","potentialAction":[{"@type":"ReadAction","target":["https:\/\/rafpro.io\/fr\/qui-sommes-nous\/"]}]},{"@type":"ImageObject","inLanguage":"fr-FR","@id":"https:\/\/rafpro.io\/fr\/qui-sommes-nous\/#primaryimage","url":"https:\/\/rafpro.io\/wp-content\/uploads\/2022\/09\/responsable-rafpro-1.jpg","contentUrl":"https:\/\/rafpro.io\/wp-content\/uploads\/2022\/09\/responsable-rafpro-1.jpg"},{"@type":"BreadcrumbList","@id":"https:\/\/rafpro.io\/fr\/qui-sommes-nous\/#breadcrumb","itemListElement":[{"@type":"ListItem","position":1,"name":"Accueil","item":"https:\/\/rafpro.io\/"},{"@type":"ListItem","position":2,"name":"Qui sommes-nous?"}]},{"@type":"WebSite","@id":"https:\/\/rafpro.io\/fr\/#website","url":"https:\/\/rafpro.io\/fr\/","name":"RAFPRO","description":"Coordonner la formation professionnelle en Afrique","publisher":{"@id":"https:\/\/rafpro.io\/fr\/#organization"},"potentialAction":[{"@type":"SearchAction","target":{"@type":"EntryPoint","urlTemplate":"https:\/\/rafpro.io\/fr\/?s={search_term_string}"},"query-input":{"@type":"PropertyValueSpecification","valueRequired":true,"valueName":"search_term_string"}}],"inLanguage":"fr-FR"},{"@type":"Organization","@id":"https:\/\/rafpro.io\/fr\/#organization","name":"RAFPRO","url":"https:\/\/rafpro.io\/fr\/","logo":{"@type":"ImageObject","inLanguage":"fr-FR","@id":"https:\/\/rafpro.io\/fr\/#\/schema\/logo\/image\/","url":"https:\/\/rafpro.io\/wp-content\/uploads\/2022\/09\/cropped-rafprologo-1-211x179-1.jpg","contentUrl":"https:\/\/rafpro.io\/wp-content\/uploads\/2022\/09\/cropped-rafprologo-1-211x179-1.jpg","width":211,"height":179,"caption":"RAFPRO"},"image":{"@id":"https:\/\/rafpro.io\/fr\/#\/schema\/logo\/image\/"}}]}},"_links":{"self":[{"href":"https:\/\/rafpro.io\/fr\/wp-json\/wp\/v2\/pages\/305","targetHints":{"allow":["GET"]}}],"collection":[{"href":"https:\/\/rafpro.io\/fr\/wp-json\/wp\/v2\/pages"}],"about":[{"href":"https:\/\/rafpro.io\/fr\/wp-json\/wp\/v2\/types\/page"}],"author":[{"embeddable":true,"href":"https:\/\/rafpro.io\/fr\/wp-json\/wp\/v2\/users\/7"}],"replies":[{"embeddable":true,"href":"https:\/\/rafpro.io\/fr\/wp-json\/wp\/v2\/comments?post=305"}],"version-history":[{"count":4,"href":"https:\/\/rafpro.io\/fr\/wp-json\/wp\/v2\/pages\/305\/revisions"}],"predecessor-version":[{"id":2481,"href":"https:\/\/rafpro.io\/fr\/wp-json\/wp\/v2\/pages\/305\/revisions\/2481"}],"wp:attachment":[{"href":"https:\/\/rafpro.io\/fr\/wp-json\/wp\/v2\/media?parent=305"}],"curies":[{"name":"wp","href":"https:\/\/api.w.org\/{rel}","templated":true}]}}