{"id":2091,"date":"2022-09-29T11:13:58","date_gmt":"2022-09-29T12:13:58","guid":{"rendered":"https:\/\/rafpro.io\/?page_id=2091"},"modified":"2025-04-14T22:58:52","modified_gmt":"2025-04-14T23:58:52","slug":"contact","status":"publish","type":"page","link":"https:\/\/rafpro.io\/fr\/contact\/","title":{"rendered":"Contact"},"content":{"rendered":"\n\n\t<h3>Nous contacter<\/h3>\n<p>Merci pour votre int\u00e9r\u00eat. Veuillez remplir le formulaire qui suit pour nous envoyer votre question ou remarque et nous vous r\u00e9pondrons d\u00e8s que possible !<\/p>\n\n","protected":false},"excerpt":{"rendered":"<p>Nous contacter Merci pour votre int\u00e9r\u00eat. Veuillez remplir le formulaire qui suit pour nous envoyer votre question ou remarque et nous vous r\u00e9pondrons d\u00e8s que possible !<\/p>\n","protected":false},"author":1,"featured_media":0,"parent":0,"menu_order":0,"comment_status":"closed","ping_status":"closed","template":"","meta":{"footnotes":""},"class_list":["post-2091","page","type-page","status-publish"],"yoast_head":"<!-- This site is optimized with the Yoast SEO plugin v25.7 - https:\/\/yoast.com\/wordpress\/plugins\/seo\/ -->\n<title>Formulaire de contact, courriel et telephone +229 97 58 38 30<\/title>\n<meta name=\"description\" content=\"Dans la page contact, un formulaire pratique pour \u00e9cire au RAFPRO, utilisez-le! Posez vos questions il nous fera plaisir de vous r\u00e9pondre\" \/>\n<meta name=\"robots\" content=\"index, follow, max-snippet:-1, max-image-preview:large, max-video-preview:-1\" \/>\n<link rel=\"canonical\" href=\"https:\/\/rafpro.io\/fr\/contact\/\" \/>\n<meta property=\"og:locale\" content=\"fr_FR\" \/>\n<meta property=\"og:type\" content=\"article\" \/>\n<meta property=\"og:title\" content=\"Formulaire de contact, courriel et telephone +229 97 58 38 30\" \/>\n<meta property=\"og:description\" content=\"Dans la page contact, un formulaire pratique pour \u00e9cire au RAFPRO, utilisez-le! Posez vos questions il nous fera plaisir de vous r\u00e9pondre\" \/>\n<meta property=\"og:url\" content=\"https:\/\/rafpro.io\/fr\/contact\/\" \/>\n<meta property=\"og:site_name\" content=\"RAFPRO\" \/>\n<meta property=\"article:modified_time\" content=\"2025-04-14T23:58:52+00:00\" \/>\n<meta name=\"twitter:card\" content=\"summary_large_image\" \/>\n<meta name=\"twitter:label1\" content=\"Dur\u00e9e de lecture estim\u00e9e\" \/>\n\t<meta name=\"twitter:data1\" content=\"1 minute\" \/>\n<script type=\"application\/ld+json\" class=\"yoast-schema-graph\">{\"@context\":\"https:\/\/schema.org\",\"@graph\":[{\"@type\":\"WebPage\",\"@id\":\"https:\/\/rafpro.io\/fr\/contact\/\",\"url\":\"https:\/\/rafpro.io\/fr\/contact\/\",\"name\":\"Formulaire de contact, courriel et telephone +229 97 58 38 30\",\"isPartOf\":{\"@id\":\"https:\/\/rafpro.io\/fr\/#website\"},\"datePublished\":\"2022-09-29T12:13:58+00:00\",\"dateModified\":\"2025-04-14T23:58:52+00:00\",\"description\":\"Dans la page contact, un formulaire pratique pour \u00e9cire au RAFPRO, utilisez-le! Posez vos questions il nous fera plaisir de vous r\u00e9pondre\",\"breadcrumb\":{\"@id\":\"https:\/\/rafpro.io\/fr\/contact\/#breadcrumb\"},\"inLanguage\":\"fr-FR\",\"potentialAction\":[{\"@type\":\"ReadAction\",\"target\":[\"https:\/\/rafpro.io\/fr\/contact\/\"]}]},{\"@type\":\"BreadcrumbList\",\"@id\":\"https:\/\/rafpro.io\/fr\/contact\/#breadcrumb\",\"itemListElement\":[{\"@type\":\"ListItem\",\"position\":1,\"name\":\"Accueil\",\"item\":\"https:\/\/rafpro.io\/\"},{\"@type\":\"ListItem\",\"position\":2,\"name\":\"Contact\"}]},{\"@type\":\"WebSite\",\"@id\":\"https:\/\/rafpro.io\/fr\/#website\",\"url\":\"https:\/\/rafpro.io\/fr\/\",\"name\":\"RAFPRO\",\"description\":\"Coordonner la formation professionnelle en Afrique\",\"publisher\":{\"@id\":\"https:\/\/rafpro.io\/fr\/#organization\"},\"potentialAction\":[{\"@type\":\"SearchAction\",\"target\":{\"@type\":\"EntryPoint\",\"urlTemplate\":\"https:\/\/rafpro.io\/fr\/?s={search_term_string}\"},\"query-input\":{\"@type\":\"PropertyValueSpecification\",\"valueRequired\":true,\"valueName\":\"search_term_string\"}}],\"inLanguage\":\"fr-FR\"},{\"@type\":\"Organization\",\"@id\":\"https:\/\/rafpro.io\/fr\/#organization\",\"name\":\"RAFPRO\",\"url\":\"https:\/\/rafpro.io\/fr\/\",\"logo\":{\"@type\":\"ImageObject\",\"inLanguage\":\"fr-FR\",\"@id\":\"https:\/\/rafpro.io\/fr\/#\/schema\/logo\/image\/\",\"url\":\"https:\/\/rafpro.io\/wp-content\/uploads\/2022\/09\/cropped-rafprologo-1-211x179-1.jpg\",\"contentUrl\":\"https:\/\/rafpro.io\/wp-content\/uploads\/2022\/09\/cropped-rafprologo-1-211x179-1.jpg\",\"width\":211,\"height\":179,\"caption\":\"RAFPRO\"},\"image\":{\"@id\":\"https:\/\/rafpro.io\/fr\/#\/schema\/logo\/image\/\"}}]}<\/script>\n<!-- \/ Yoast SEO plugin. -->","yoast_head_json":{"title":"Formulaire de contact, courriel et telephone +229 97 58 38 30","description":"Dans la page contact, un formulaire pratique pour \u00e9cire au RAFPRO, utilisez-le! Posez vos questions il nous fera plaisir de vous r\u00e9pondre","robots":{"index":"index","follow":"follow","max-snippet":"max-snippet:-1","max-image-preview":"max-image-preview:large","max-video-preview":"max-video-preview:-1"},"canonical":"https:\/\/rafpro.io\/fr\/contact\/","og_locale":"fr_FR","og_type":"article","og_title":"Formulaire de contact, courriel et telephone +229 97 58 38 30","og_description":"Dans la page contact, un formulaire pratique pour \u00e9cire au RAFPRO, utilisez-le! Posez vos questions il nous fera plaisir de vous r\u00e9pondre","og_url":"https:\/\/rafpro.io\/fr\/contact\/","og_site_name":"RAFPRO","article_modified_time":"2025-04-14T23:58:52+00:00","twitter_card":"summary_large_image","twitter_misc":{"Dur\u00e9e de lecture estim\u00e9e":"1 minute"},"schema":{"@context":"https:\/\/schema.org","@graph":[{"@type":"WebPage","@id":"https:\/\/rafpro.io\/fr\/contact\/","url":"https:\/\/rafpro.io\/fr\/contact\/","name":"Formulaire de contact, courriel et telephone +229 97 58 38 30","isPartOf":{"@id":"https:\/\/rafpro.io\/fr\/#website"},"datePublished":"2022-09-29T12:13:58+00:00","dateModified":"2025-04-14T23:58:52+00:00","description":"Dans la page contact, un formulaire pratique pour \u00e9cire au RAFPRO, utilisez-le! Posez vos questions il nous fera plaisir de vous r\u00e9pondre","breadcrumb":{"@id":"https:\/\/rafpro.io\/fr\/contact\/#breadcrumb"},"inLanguage":"fr-FR","potentialAction":[{"@type":"ReadAction","target":["https:\/\/rafpro.io\/fr\/contact\/"]}]},{"@type":"BreadcrumbList","@id":"https:\/\/rafpro.io\/fr\/contact\/#breadcrumb","itemListElement":[{"@type":"ListItem","position":1,"name":"Accueil","item":"https:\/\/rafpro.io\/"},{"@type":"ListItem","position":2,"name":"Contact"}]},{"@type":"WebSite","@id":"https:\/\/rafpro.io\/fr\/#website","url":"https:\/\/rafpro.io\/fr\/","name":"RAFPRO","description":"Coordonner la formation professionnelle en Afrique","publisher":{"@id":"https:\/\/rafpro.io\/fr\/#organization"},"potentialAction":[{"@type":"SearchAction","target":{"@type":"EntryPoint","urlTemplate":"https:\/\/rafpro.io\/fr\/?s={search_term_string}"},"query-input":{"@type":"PropertyValueSpecification","valueRequired":true,"valueName":"search_term_string"}}],"inLanguage":"fr-FR"},{"@type":"Organization","@id":"https:\/\/rafpro.io\/fr\/#organization","name":"RAFPRO","url":"https:\/\/rafpro.io\/fr\/","logo":{"@type":"ImageObject","inLanguage":"fr-FR","@id":"https:\/\/rafpro.io\/fr\/#\/schema\/logo\/image\/","url":"https:\/\/rafpro.io\/wp-content\/uploads\/2022\/09\/cropped-rafprologo-1-211x179-1.jpg","contentUrl":"https:\/\/rafpro.io\/wp-content\/uploads\/2022\/09\/cropped-rafprologo-1-211x179-1.jpg","width":211,"height":179,"caption":"RAFPRO"},"image":{"@id":"https:\/\/rafpro.io\/fr\/#\/schema\/logo\/image\/"}}]}},"_links":{"self":[{"href":"https:\/\/rafpro.io\/fr\/wp-json\/wp\/v2\/pages\/2091","targetHints":{"allow":["GET"]}}],"collection":[{"href":"https:\/\/rafpro.io\/fr\/wp-json\/wp\/v2\/pages"}],"about":[{"href":"https:\/\/rafpro.io\/fr\/wp-json\/wp\/v2\/types\/page"}],"author":[{"embeddable":true,"href":"https:\/\/rafpro.io\/fr\/wp-json\/wp\/v2\/users\/1"}],"replies":[{"embeddable":true,"href":"https:\/\/rafpro.io\/fr\/wp-json\/wp\/v2\/comments?post=2091"}],"version-history":[{"count":11,"href":"https:\/\/rafpro.io\/fr\/wp-json\/wp\/v2\/pages\/2091\/revisions"}],"predecessor-version":[{"id":2507,"href":"https:\/\/rafpro.io\/fr\/wp-json\/wp\/v2\/pages\/2091\/revisions\/2507"}],"wp:attachment":[{"href":"https:\/\/rafpro.io\/fr\/wp-json\/wp\/v2\/media?parent=2091"}],"curies":[{"name":"wp","href":"https:\/\/api.w.org\/{rel}","templated":true}]}}