{"id":2,"date":"2022-09-15T14:58:24","date_gmt":"2022-09-15T14:58:24","guid":{"rendered":"https:\/\/rafpro.io\/?page_id=2"},"modified":"2025-04-14T22:46:59","modified_gmt":"2025-04-14T23:46:59","slug":"sample-page","status":"publish","type":"page","link":"https:\/\/rafpro.io\/fr\/","title":{"rendered":"Accueil"},"content":{"rendered":"\r\n<p><img loading=\"lazy\" decoding=\"async\" title=\"7_Djerma LAWAL Pdt\" src=\"https:\/\/rafpro.io\/wp-content\/uploads\/2022\/09\/7_Djerma-LAWAL-Pdt.jpg\" alt=\"7_Djerma LAWAL Pdt\" width=\"500\" height=\"333\" \/><\/p>\r\n<blockquote>\r\n<p>RAFPRO: R\u00e9seau Africain des Institutions et Fonds de Formation Professionnelle.<\/p>\r\n<p>Au RAFPRO, nous affichons tr\u00e8s clairement notre volont\u00e9 de tendre encore plus vers la performance et l&rsquo;excellence des r\u00e9sultats dans la formation professionnelle. Bienvenu sur notre site.<\/p>\r\n<\/blockquote>\r\n<p><strong>Abdou Djerma LAWAL<\/strong> Pr\u00e9sident du RAFPRO<\/p>\r\n<blockquote>\r\n<p><em>Parce que le d\u00e9veloppement est une affaire de comp\u00e9tences<\/em><\/p>\r\n<\/blockquote>\r\n<p><img loading=\"lazy\" decoding=\"async\" title=\"jean-tossavi\" src=\"https:\/\/rafpro.io\/wp-content\/uploads\/2022\/09\/jean-tossavi.jpg\" alt=\"Jean TOSSAVI\" width=\"500\" height=\"335\" \/><\/p>\r\n<h2>Quelles sont nos missions?<\/h2>\r\n<blockquote>\r\n<p>Le R\u00e9seau a pour missions, la promotion de la formation professionnelle et le d\u00e9veloppement de la culture de l&rsquo;investissement dans les ressources humaines.<\/p>\r\n<\/blockquote>\r\n<p><a href=\"https:\/\/rafpro.io\/qui-sommes-nous\/\" target=\"_self\" rel=\"noopener\"><br \/>En savoir plus<br \/><\/a><\/p>\r\n<h2>Les ambitions du RAFPRO<\/h2>\r\n<p>Quatre axes strat\u00e9giques ont \u00e9t\u00e9 d\u00e9finis:<\/p>\r\n<ul>\r\n<li>Produire des ressources documentaires et intellectuelles;<\/li>\r\n<li>Assurer le renforcement institutionnel et la visibilit\u00e9 du R\u00e9seau<\/li>\r\n<li>D\u00e9velopper le partenariat et les r\u00e9seaux relationnels;<\/li>\r\n<li>Rechercher et mobiliser des ressources additionnelles.<\/li>\r\n<\/ul>\r\n<p><img loading=\"lazy\" decoding=\"async\" title=\"mission-rafpro\" src=\"https:\/\/rafpro.io\/wp-content\/uploads\/2022\/09\/mission-rafpro.jpg\" alt=\"Les missions du rafpro\" width=\"1200\" height=\"800\" \/><\/p>\r\n<h2>Notre raison d&rsquo;\u00eatre en quelques mots&#8230;<\/h2>\r\n<p><img loading=\"lazy\" decoding=\"async\" title=\"img-cooperation\" src=\"https:\/\/rafpro.io\/wp-content\/uploads\/2022\/09\/img-cooperation.jpg\" alt=\"Coop\u00e9ration et \u00e9change\" width=\"300\" height=\"200\" \/><\/p>\r\n<p>Favoriser un meilleur \u00e9change d&rsquo;exp\u00e9riences sous diverses formes et l&rsquo;assistance entre membres du r\u00e9seau<\/p>\r\n<p><img loading=\"lazy\" decoding=\"async\" title=\"img-mecanique-auto\" src=\"https:\/\/rafpro.io\/wp-content\/uploads\/2022\/09\/img-mecanique-auto.jpg\" alt=\"encourager la formation professionnelle\" width=\"300\" height=\"200\" \/><\/p>\r\n<p>Promouvoir les institutions et fonds de formation professionnelle dans leur pays en particulier et en Afrique en g\u00e9n\u00e9ral<\/p>\r\n<p><img loading=\"lazy\" decoding=\"async\" title=\"img-bonne-pratique\" src=\"https:\/\/rafpro.io\/wp-content\/uploads\/2022\/09\/img-bonne-pratique.jpg\" alt=\"Etude et bonne pratique\" width=\"300\" height=\"200\" \/><\/p>\r\n<p>Mener des \u00e9tudes et actions sur les bonnes pratiques en mati\u00e8re de formation et d&rsquo;insertion professionnelles<\/p>\r\n<p><img loading=\"lazy\" decoding=\"async\" title=\"img-r\u00e9seau-partenaire\" src=\"https:\/\/rafpro.io\/wp-content\/uploads\/2022\/09\/img-reseau-partenaire.jpg\" alt=\"Partenariat\" width=\"300\" height=\"200\" \/><\/p>\r\n<p>Favoriser la reconnaissance du R\u00e9seau comme partenaire privil\u00e9gi\u00e9 au niveau des organisations internationales puis l&rsquo;\u00e9largir \u00e0 travers le continent<\/p>\r\n<p><img loading=\"lazy\" decoding=\"async\" title=\"img-financement\" src=\"https:\/\/rafpro.io\/wp-content\/uploads\/2022\/09\/img-financement.jpg\" alt=\"Financement\" width=\"300\" height=\"200\" \/><\/p>\r\n<p>Favoriser l&rsquo;acc\u00e8s de chacun de nos membres aux sources de financement notamment, les taxes d&rsquo;apprentissage<\/p>\r\n<p><img loading=\"lazy\" decoding=\"async\" title=\"img-concertation-reflexion\" src=\"https:\/\/rafpro.io\/wp-content\/uploads\/2022\/09\/img-concertation-reflexion.jpg\" alt=\"Concertation et r\u00e9flexion\" width=\"300\" height=\"200\" \/><\/p>\r\n<p>Servir de cadre de concertation pour la conception des programmes aff\u00e9rant \u00e0\u00a0 l&#8217;emploi, l&rsquo;insertion professionnelle et la lutte contre la pauvret\u00e9<\/p>\r\n<h2>Derni\u00e8res actualit\u00e9s sur le RAFPRO<\/h2>\r\n<p><a href=\"https:\/\/www.rafpro.io\/blog\/\">RESTEZ \u00c0 JOUR AVEC NOS ACTUALIT\u00c9S<\/a><\/p>\r\n<h2>Membres du RAFPRO<\/h2>\r\n<p><a href=\"https:\/\/rafpro.io\/membres-de-rafpro\/\">D\u00c9COUVREZ LES INSTITUTIONS ET FONDS, ADH\u00c9RENTS DU RAFPRO\u00a0<\/a><\/p>\r\n<h2>Les Fonds actifs et impliqu\u00e9s:<\/h2>\r\n<p>Le RAFPRO regroupe actuellement treize (13) Institutions et Fonds de formation appartenant \u00e0 douze (12) pays r\u00e9partis sur le continent africain.<\/p>\r\n<p><a href=\"https:\/\/rafpro.io\/membres-de-rafpro\/\" target=\"_self\" rel=\"noopener\"><br \/>Voir la page partenaire<br \/><\/a><\/p>\r\n<h3>Nous contacter<\/h3>\r\n<p>Merci pour votre int\u00e9r\u00eat. Veuillez remplir le formulaire qui suit pour nous envoyer votre question ou remarque et nous vous r\u00e9pondrons d\u00e8s que possible !<\/p>\r\n","protected":false},"excerpt":{"rendered":"<p>RAFPRO: R\u00e9seau Africain des Institutions et Fonds de Formation Professionnelle. Au RAFPRO, nous affichons tr\u00e8s clairement notre volont\u00e9 de tendre encore plus vers la performance et l&rsquo;excellence des r\u00e9sultats dans la formation professionnelle. Bienvenu sur notre site. Abdou Djerma LAWAL Pr\u00e9sident du RAFPRO Parce que le d\u00e9veloppement est une affaire de comp\u00e9tences Quelles sont nos &#8230; <a title=\"Accueil\" class=\"read-more\" href=\"https:\/\/rafpro.io\/fr\/\" aria-label=\"Plus sur Accueil\">Lire plus<\/a><\/p>\n","protected":false},"author":7,"featured_media":0,"parent":0,"menu_order":0,"comment_status":"closed","ping_status":"open","template":"","meta":{"footnotes":""},"class_list":["post-2","page","type-page","status-publish"],"yoast_head":"<!-- This site is optimized with the Yoast SEO plugin v25.7 - https:\/\/yoast.com\/wordpress\/plugins\/seo\/ -->\n<title>RAFPRO: r\u00e9seau africain des fonds de formation professionnelle<\/title>\n<meta name=\"description\" content=\"Le rafpro assure la promotion de la formation professionnelle \u00e0 travers une culture commune du d\u00e9veloppement de la main d&#039;oeuvre en Afrique.\" \/>\n<meta name=\"robots\" content=\"index, follow, max-snippet:-1, max-image-preview:large, max-video-preview:-1\" \/>\n<link rel=\"canonical\" href=\"https:\/\/rafpro.io\/fr\/\" \/>\n<meta property=\"og:locale\" content=\"fr_FR\" \/>\n<meta property=\"og:type\" content=\"article\" \/>\n<meta property=\"og:title\" content=\"RAFPRO: r\u00e9seau africain des fonds de formation professionnelle\" \/>\n<meta property=\"og:description\" content=\"Le rafpro assure la promotion de la formation professionnelle \u00e0 travers une culture commune du d\u00e9veloppement de la main d&#039;oeuvre en Afrique.\" \/>\n<meta property=\"og:url\" content=\"https:\/\/rafpro.io\/fr\/\" \/>\n<meta property=\"og:site_name\" content=\"RAFPRO\" \/>\n<meta property=\"article:modified_time\" content=\"2025-04-14T23:46:59+00:00\" \/>\n<meta property=\"og:image\" content=\"https:\/\/rafpro.io\/wp-content\/uploads\/2022\/09\/7_Djerma-LAWAL-Pdt.jpg\" \/>\n<meta name=\"twitter:card\" content=\"summary_large_image\" \/>\n<meta name=\"twitter:label1\" content=\"Dur\u00e9e de lecture estim\u00e9e\" \/>\n\t<meta name=\"twitter:data1\" content=\"4 minutes\" \/>\n<script type=\"application\/ld+json\" class=\"yoast-schema-graph\">{\"@context\":\"https:\/\/schema.org\",\"@graph\":[{\"@type\":\"WebPage\",\"@id\":\"https:\/\/rafpro.io\/\",\"url\":\"https:\/\/rafpro.io\/\",\"name\":\"RAFPRO: r\u00e9seau africain des fonds de formation professionnelle\",\"isPartOf\":{\"@id\":\"https:\/\/rafpro.io\/fr\/#website\"},\"primaryImageOfPage\":{\"@id\":\"https:\/\/rafpro.io\/#primaryimage\"},\"image\":{\"@id\":\"https:\/\/rafpro.io\/#primaryimage\"},\"thumbnailUrl\":\"https:\/\/rafpro.io\/wp-content\/uploads\/2022\/09\/7_Djerma-LAWAL-Pdt.jpg\",\"datePublished\":\"2022-09-15T14:58:24+00:00\",\"dateModified\":\"2025-04-14T23:46:59+00:00\",\"description\":\"Le rafpro assure la promotion de la formation professionnelle \u00e0 travers une culture commune du d\u00e9veloppement de la main d'oeuvre en Afrique.\",\"breadcrumb\":{\"@id\":\"https:\/\/rafpro.io\/#breadcrumb\"},\"inLanguage\":\"fr-FR\",\"potentialAction\":[{\"@type\":\"ReadAction\",\"target\":[\"https:\/\/rafpro.io\/\"]}]},{\"@type\":\"ImageObject\",\"inLanguage\":\"fr-FR\",\"@id\":\"https:\/\/rafpro.io\/#primaryimage\",\"url\":\"https:\/\/rafpro.io\/wp-content\/uploads\/2022\/09\/7_Djerma-LAWAL-Pdt.jpg\",\"contentUrl\":\"https:\/\/rafpro.io\/wp-content\/uploads\/2022\/09\/7_Djerma-LAWAL-Pdt.jpg\"},{\"@type\":\"BreadcrumbList\",\"@id\":\"https:\/\/rafpro.io\/#breadcrumb\",\"itemListElement\":[{\"@type\":\"ListItem\",\"position\":1,\"name\":\"Accueil\",\"item\":\"https:\/\/rafpro.io\/\"},{\"@type\":\"ListItem\",\"position\":2,\"name\":\"Accueil\"}]},{\"@type\":\"WebSite\",\"@id\":\"https:\/\/rafpro.io\/fr\/#website\",\"url\":\"https:\/\/rafpro.io\/fr\/\",\"name\":\"RAFPRO\",\"description\":\"Coordonner la formation professionnelle en Afrique\",\"publisher\":{\"@id\":\"https:\/\/rafpro.io\/fr\/#organization\"},\"potentialAction\":[{\"@type\":\"SearchAction\",\"target\":{\"@type\":\"EntryPoint\",\"urlTemplate\":\"https:\/\/rafpro.io\/fr\/?s={search_term_string}\"},\"query-input\":{\"@type\":\"PropertyValueSpecification\",\"valueRequired\":true,\"valueName\":\"search_term_string\"}}],\"inLanguage\":\"fr-FR\"},{\"@type\":\"Organization\",\"@id\":\"https:\/\/rafpro.io\/fr\/#organization\",\"name\":\"RAFPRO\",\"url\":\"https:\/\/rafpro.io\/fr\/\",\"logo\":{\"@type\":\"ImageObject\",\"inLanguage\":\"fr-FR\",\"@id\":\"https:\/\/rafpro.io\/fr\/#\/schema\/logo\/image\/\",\"url\":\"https:\/\/rafpro.io\/wp-content\/uploads\/2022\/09\/cropped-rafprologo-1-211x179-1.jpg\",\"contentUrl\":\"https:\/\/rafpro.io\/wp-content\/uploads\/2022\/09\/cropped-rafprologo-1-211x179-1.jpg\",\"width\":211,\"height\":179,\"caption\":\"RAFPRO\"},\"image\":{\"@id\":\"https:\/\/rafpro.io\/fr\/#\/schema\/logo\/image\/\"}}]}<\/script>\n<!-- \/ Yoast SEO plugin. -->","yoast_head_json":{"title":"RAFPRO: r\u00e9seau africain des fonds de formation professionnelle","description":"Le rafpro assure la promotion de la formation professionnelle \u00e0 travers une culture commune du d\u00e9veloppement de la main d'oeuvre en Afrique.","robots":{"index":"index","follow":"follow","max-snippet":"max-snippet:-1","max-image-preview":"max-image-preview:large","max-video-preview":"max-video-preview:-1"},"canonical":"https:\/\/rafpro.io\/fr\/","og_locale":"fr_FR","og_type":"article","og_title":"RAFPRO: r\u00e9seau africain des fonds de formation professionnelle","og_description":"Le rafpro assure la promotion de la formation professionnelle \u00e0 travers une culture commune du d\u00e9veloppement de la main d'oeuvre en Afrique.","og_url":"https:\/\/rafpro.io\/fr\/","og_site_name":"RAFPRO","article_modified_time":"2025-04-14T23:46:59+00:00","og_image":[{"url":"https:\/\/rafpro.io\/wp-content\/uploads\/2022\/09\/7_Djerma-LAWAL-Pdt.jpg","type":"","width":"","height":""}],"twitter_card":"summary_large_image","twitter_misc":{"Dur\u00e9e de lecture estim\u00e9e":"4 minutes"},"schema":{"@context":"https:\/\/schema.org","@graph":[{"@type":"WebPage","@id":"https:\/\/rafpro.io\/","url":"https:\/\/rafpro.io\/","name":"RAFPRO: r\u00e9seau africain des fonds de formation professionnelle","isPartOf":{"@id":"https:\/\/rafpro.io\/fr\/#website"},"primaryImageOfPage":{"@id":"https:\/\/rafpro.io\/#primaryimage"},"image":{"@id":"https:\/\/rafpro.io\/#primaryimage"},"thumbnailUrl":"https:\/\/rafpro.io\/wp-content\/uploads\/2022\/09\/7_Djerma-LAWAL-Pdt.jpg","datePublished":"2022-09-15T14:58:24+00:00","dateModified":"2025-04-14T23:46:59+00:00","description":"Le rafpro assure la promotion de la formation professionnelle \u00e0 travers une culture commune du d\u00e9veloppement de la main d'oeuvre en Afrique.","breadcrumb":{"@id":"https:\/\/rafpro.io\/#breadcrumb"},"inLanguage":"fr-FR","potentialAction":[{"@type":"ReadAction","target":["https:\/\/rafpro.io\/"]}]},{"@type":"ImageObject","inLanguage":"fr-FR","@id":"https:\/\/rafpro.io\/#primaryimage","url":"https:\/\/rafpro.io\/wp-content\/uploads\/2022\/09\/7_Djerma-LAWAL-Pdt.jpg","contentUrl":"https:\/\/rafpro.io\/wp-content\/uploads\/2022\/09\/7_Djerma-LAWAL-Pdt.jpg"},{"@type":"BreadcrumbList","@id":"https:\/\/rafpro.io\/#breadcrumb","itemListElement":[{"@type":"ListItem","position":1,"name":"Accueil","item":"https:\/\/rafpro.io\/"},{"@type":"ListItem","position":2,"name":"Accueil"}]},{"@type":"WebSite","@id":"https:\/\/rafpro.io\/fr\/#website","url":"https:\/\/rafpro.io\/fr\/","name":"RAFPRO","description":"Coordonner la formation professionnelle en Afrique","publisher":{"@id":"https:\/\/rafpro.io\/fr\/#organization"},"potentialAction":[{"@type":"SearchAction","target":{"@type":"EntryPoint","urlTemplate":"https:\/\/rafpro.io\/fr\/?s={search_term_string}"},"query-input":{"@type":"PropertyValueSpecification","valueRequired":true,"valueName":"search_term_string"}}],"inLanguage":"fr-FR"},{"@type":"Organization","@id":"https:\/\/rafpro.io\/fr\/#organization","name":"RAFPRO","url":"https:\/\/rafpro.io\/fr\/","logo":{"@type":"ImageObject","inLanguage":"fr-FR","@id":"https:\/\/rafpro.io\/fr\/#\/schema\/logo\/image\/","url":"https:\/\/rafpro.io\/wp-content\/uploads\/2022\/09\/cropped-rafprologo-1-211x179-1.jpg","contentUrl":"https:\/\/rafpro.io\/wp-content\/uploads\/2022\/09\/cropped-rafprologo-1-211x179-1.jpg","width":211,"height":179,"caption":"RAFPRO"},"image":{"@id":"https:\/\/rafpro.io\/fr\/#\/schema\/logo\/image\/"}}]}},"_links":{"self":[{"href":"https:\/\/rafpro.io\/fr\/wp-json\/wp\/v2\/pages\/2","targetHints":{"allow":["GET"]}}],"collection":[{"href":"https:\/\/rafpro.io\/fr\/wp-json\/wp\/v2\/pages"}],"about":[{"href":"https:\/\/rafpro.io\/fr\/wp-json\/wp\/v2\/types\/page"}],"author":[{"embeddable":true,"href":"https:\/\/rafpro.io\/fr\/wp-json\/wp\/v2\/users\/7"}],"replies":[{"embeddable":true,"href":"https:\/\/rafpro.io\/fr\/wp-json\/wp\/v2\/comments?post=2"}],"version-history":[{"count":37,"href":"https:\/\/rafpro.io\/fr\/wp-json\/wp\/v2\/pages\/2\/revisions"}],"predecessor-version":[{"id":2475,"href":"https:\/\/rafpro.io\/fr\/wp-json\/wp\/v2\/pages\/2\/revisions\/2475"}],"wp:attachment":[{"href":"https:\/\/rafpro.io\/fr\/wp-json\/wp\/v2\/media?parent=2"}],"curies":[{"name":"wp","href":"https:\/\/api.w.org\/{rel}","templated":true}]}}