{"id":1712,"date":"2022-09-22T12:52:50","date_gmt":"2022-09-22T13:52:50","guid":{"rendered":"https:\/\/rafpro.io\/?page_id=1712"},"modified":"2025-04-14T22:54:12","modified_gmt":"2025-04-14T23:54:12","slug":"membres-de-rafpro","status":"publish","type":"page","link":"https:\/\/rafpro.io\/fr\/membres-de-rafpro\/","title":{"rendered":"Institutions, Fonds, Membres du RAFPRO"},"content":{"rendered":"\n\n\t<p>Le RAFPRO regroupe actuellement treize (13) Institutions et Fonds de formation appartenant \u00e0 douze (12) pays d&rsquo;Afrique de l&rsquo;ouest, du centre et de l&rsquo;est, \u00e0 savoir :<\/p>\n<p><img loading=\"lazy\" decoding=\"async\" title=\"logo-fodefca\" src=\"https:\/\/rafpro.io\/wp-content\/uploads\/2022\/09\/logo-fodefca.3.jpg\" alt=\"Logo du FODEFCA B\u00e9nin\" width=\"250\" height=\"268\" \/><\/p>\n<h2>FODEFCA au B\u00e9nin<\/h2>\n<p>Fonds de D\u00e9veloppement de la Formation Professionnelle Continue et de l&rsquo;Apprentissage:<\/p>\n<p><a href=\"http:\/\/www.fodefca.org\/\" target=\"_blank\" rel=\"noopener\">Site du FODEFCA<\/a><\/p>\n<p><img loading=\"lazy\" decoding=\"async\" title=\"fafpa-burkinafaso\" src=\"https:\/\/rafpro.io\/wp-content\/uploads\/2022\/09\/fafpa-burkinafaso.png\" alt=\"Logo du PAFPA Burkina-Faso\" width=\"317\" height=\"197\" \/><\/p>\n<h2>FAFPA au Burkina-Faso<\/h2>\n<p>Fonds d&rsquo;Appui \u00e0 la Formation Professionnelle et \u00e0 l&rsquo;Apprentissage<\/p>\n<p><img loading=\"lazy\" decoding=\"async\" title=\"fdfp-cote-ivoire\" src=\"https:\/\/rafpro.io\/wp-content\/uploads\/2022\/09\/fdfp-cote-ivoire.jpg\" alt=\"Logo du FDFP C\u00f4te d'Ivoire\" width=\"433\" height=\"196\" \/><\/p>\n<h2>FDFP en C\u00f4te d&rsquo;Ivoire<\/h2>\n<p>Fonds de D\u00e9veloppement de la Formation Professionnelle:<\/p>\n<p><a href=\"https:\/\/www.fdfp.ci\" target=\"_blank\" rel=\"noopener\">Site du FDFP<\/a><\/p>\n<p><img loading=\"lazy\" decoding=\"async\" title=\"onfpp-guin\u00e9e-conakry\" src=\"https:\/\/rafpro.io\/wp-content\/uploads\/2022\/09\/onfpp-guinee-conakry.jpg\" alt=\"Logo ONFPP de la Guin\u00e9e Conakry\" width=\"413\" height=\"243\" \/><\/p>\n<h2>ONFPP en Guin\u00e9e Conakry<\/h2>\n<p>Office National de Formation et de Perfectionnement Professionnels:<\/p>\n<p><a href=\"http:\/\/www.onfppguinee.org\/\" target=\"blank\" rel=\"noopener\">Site de l&rsquo;ONFPP<\/a><\/p>\n<p><img loading=\"lazy\" decoding=\"async\" title=\"logo-fafpa-mali\" src=\"https:\/\/rafpro.io\/wp-content\/uploads\/2022\/10\/logo-fafpa-mali-235x300.png\" alt=\"Logo FAFPA Mali\" width=\"235\" height=\"300\" \/><\/p>\n<h2>FAFPA au Mali<\/h2>\n<p>Fonds d&rsquo;Appui \u00e0 la Formation Professionnelle et \u00e0 l&rsquo;Apprentissage:<\/p>\n<p><a href=\"https:\/\/fafpamali.com\" target=\"_blank\" rel=\"noopener\">Site du FAFPA Mali<\/a><\/p>\n<p><img loading=\"lazy\" decoding=\"async\" title=\"fafpa-niger\" src=\"https:\/\/rafpro.io\/wp-content\/uploads\/2022\/09\/fafpa-niger.jpg\" alt=\"Logo FAFPA Niger\" width=\"248\" height=\"176\" \/><\/p>\n<h2>FAFPA au Niger<\/h2>\n<p>Fonds d&rsquo;Appui \u00e0 la Formation Professionnelle continue et \u00e0 l&rsquo;Apprentissage:<\/p>\n<p><a href=\"https:\/\/fafpa.org\" target=\"_blank\" rel=\"noopener\">Site du FAFPA Niger<\/a><\/p>\n<p><img loading=\"lazy\" decoding=\"async\" title=\"acfpe-centrafrique\" src=\"https:\/\/rafpro.io\/wp-content\/uploads\/2022\/09\/acfpe-centrafrique.jpg\" alt=\"Logo de ACFPE Centre Afrique\" width=\"100\" height=\"68\" \/><\/p>\n<h2>ACFPE en R\u00e9publique Centrafricaine<\/h2>\n<p>Agence Centrafricaine pour la Formation Professionnelle et l&rsquo;Emploi :<\/p>\n<p><a href=\"http:\/\/www.acfpe.net\/\" target=\"_blank\" rel=\"noopener\">Site de l&rsquo;ACFPE de la R\u00e9publique Centrafricaine<\/a><\/p>\n<p><img loading=\"lazy\" decoding=\"async\" title=\"logo-onfp-senegal\" src=\"https:\/\/rafpro.io\/wp-content\/uploads\/2022\/09\/logo-fp-1.jpg\" alt=\"logo-ONFP S\u00e9n\u00e9gal\" width=\"300\" height=\"300\" \/><\/p>\n<h2>ONFP au S\u00e9n\u00e9gal<\/h2>\n<p>Office National de Formation Professionnelle :<\/p>\n<p><a href=\"http:\/\/www.onfp.sn\/\" target=\"_blank\" rel=\"noopener\">Site de l&rsquo;ONFP au S\u00e9n\u00e9gal<\/a><\/p>\n<p><img loading=\"lazy\" decoding=\"async\" title=\"logo-3ftp\" src=\"https:\/\/rafpro.io\/wp-content\/uploads\/2022\/09\/logo-3ftp.jpg\" alt=\"logo 3FPT S\u00e9n\u00e9gal\" width=\"300\" height=\"302\" \/><\/p>\n<h2>3FPT au S\u00e9n\u00e9gal<\/h2>\n<p>Fonds de Financement de la Formation Professionnelle et Technique:<\/p>\n<p><a href=\"https:\/\/3fpt.sn\" target=\"_blank\" rel=\"noopener\">Site web de 3FPT au S\u00e9n\u00e9gal<\/a><\/p>\n<p><img loading=\"lazy\" decoding=\"async\" title=\"logo-fonap\" src=\"https:\/\/rafpro.io\/wp-content\/uploads\/2022\/09\/logo-fonap.jpg\" alt=\"Logo FANAP Tchad\" width=\"397\" height=\"304\" \/><\/p>\n<h2>FONAP au Tchad<\/h2>\n<p>Fonds National d&rsquo;Appui \u00e0 la Formation Professionnelle<\/p>\n<p><img loading=\"lazy\" decoding=\"async\" title=\"logo-fnafpp-togo\" src=\"https:\/\/rafpro.io\/wp-content\/uploads\/2022\/10\/logo-fnafpp-togo-234x300.png\" alt=\"Logo FNAFPP Togo\" width=\"234\" height=\"300\" \/><\/p>\n<h2>FNAFPP au Togo<\/h2>\n<p>Fonds National d&rsquo;Apprentissage, de Formation, et de Perfectionnement Professionnels<\/p>\n<p><img loading=\"lazy\" decoding=\"async\" title=\"logo-fonea-congo\" src=\"https:\/\/rafpro.io\/wp-content\/uploads\/2022\/10\/logo-fonea-congo.png\" alt=\"Logo FONEA Congo\" width=\"1380\" height=\"1032\" \/><\/p>\n<h2>FONEA au Congo Brazaville<\/h2>\n<p>Fonds National d&rsquo;appui \u00e0 l&rsquo;Employabilit\u00e9 et \u00e0 l&rsquo;Apprentissage<\/p>\n<p><img loading=\"lazy\" decoding=\"async\" title=\"logo-fmfp-madagascar\" src=\"https:\/\/rafpro.io\/wp-content\/uploads\/2022\/09\/logo-fmfp-madagascar.jpg\" alt=\"Logo FMFP Madagascar\" width=\"300\" height=\"294\" \/><\/p>\n<h2>FMFP au Madagascar<\/h2>\n<p>Fonds Malgache de Formation Professionnelle:<\/p>\n<p><a href=\"http:\/\/www.fmfp.mg\" target=\"_blank\" rel=\"noopener\">Site du FMFP du Madagascar<\/a><\/p>\n\n","protected":false},"excerpt":{"rendered":"<p>Le RAFPRO regroupe actuellement treize (13) Institutions et Fonds de formation appartenant \u00e0 douze (12) pays d&rsquo;Afrique de l&rsquo;ouest, du centre et de l&rsquo;est, \u00e0 savoir : FODEFCA au B\u00e9nin Fonds de D\u00e9veloppement de la Formation Professionnelle Continue et de l&rsquo;Apprentissage: Site du FODEFCA FAFPA au Burkina-Faso Fonds d&rsquo;Appui \u00e0 la Formation Professionnelle et \u00e0 &#8230; <a title=\"Institutions, Fonds, Membres du RAFPRO\" class=\"read-more\" href=\"https:\/\/rafpro.io\/fr\/membres-de-rafpro\/\" aria-label=\"Plus sur Institutions, Fonds, Membres du RAFPRO\">Lire plus<\/a><\/p>\n","protected":false},"author":7,"featured_media":0,"parent":0,"menu_order":0,"comment_status":"closed","ping_status":"closed","template":"","meta":{"footnotes":""},"class_list":["post-1712","page","type-page","status-publish"],"yoast_head":"<!-- This site is optimized with the Yoast SEO plugin v25.7 - https:\/\/yoast.com\/wordpress\/plugins\/seo\/ -->\n<title>Who are the 13 RAFPRO partner institutions and funds?<\/title>\n<meta name=\"description\" content=\"RAFPRO currently brings together 13 training institutions and funds from 12 African countries: Presentation\" \/>\n<meta name=\"robots\" content=\"index, follow, max-snippet:-1, max-image-preview:large, max-video-preview:-1\" \/>\n<link rel=\"canonical\" href=\"https:\/\/rafpro.io\/fr\/membres-de-rafpro\/\" \/>\n<meta property=\"og:locale\" content=\"fr_FR\" \/>\n<meta property=\"og:type\" content=\"article\" \/>\n<meta property=\"og:title\" content=\"Who are the 13 RAFPRO partner institutions and funds?\" \/>\n<meta property=\"og:description\" content=\"RAFPRO currently brings together 13 training institutions and funds from 12 African countries: Presentation\" \/>\n<meta property=\"og:url\" content=\"https:\/\/rafpro.io\/fr\/membres-de-rafpro\/\" \/>\n<meta property=\"og:site_name\" content=\"RAFPRO\" \/>\n<meta property=\"article:modified_time\" content=\"2025-04-14T23:54:12+00:00\" \/>\n<meta property=\"og:image\" content=\"https:\/\/rafpro.io\/wp-content\/uploads\/2022\/09\/logo-fodefca.3.jpg\" \/>\n<meta name=\"twitter:card\" content=\"summary_large_image\" \/>\n<meta name=\"twitter:label1\" content=\"Dur\u00e9e de lecture estim\u00e9e\" \/>\n\t<meta name=\"twitter:data1\" content=\"4 minutes\" \/>\n<script type=\"application\/ld+json\" class=\"yoast-schema-graph\">{\"@context\":\"https:\/\/schema.org\",\"@graph\":[{\"@type\":\"WebPage\",\"@id\":\"https:\/\/rafpro.io\/fr\/membres-de-rafpro\/\",\"url\":\"https:\/\/rafpro.io\/fr\/membres-de-rafpro\/\",\"name\":\"Who are the 13 RAFPRO partner institutions and funds?\",\"isPartOf\":{\"@id\":\"https:\/\/rafpro.io\/fr\/#website\"},\"primaryImageOfPage\":{\"@id\":\"https:\/\/rafpro.io\/fr\/membres-de-rafpro\/#primaryimage\"},\"image\":{\"@id\":\"https:\/\/rafpro.io\/fr\/membres-de-rafpro\/#primaryimage\"},\"thumbnailUrl\":\"https:\/\/rafpro.io\/wp-content\/uploads\/2022\/09\/logo-fodefca.3.jpg\",\"datePublished\":\"2022-09-22T13:52:50+00:00\",\"dateModified\":\"2025-04-14T23:54:12+00:00\",\"description\":\"RAFPRO currently brings together 13 training institutions and funds from 12 African countries: Presentation\",\"breadcrumb\":{\"@id\":\"https:\/\/rafpro.io\/fr\/membres-de-rafpro\/#breadcrumb\"},\"inLanguage\":\"fr-FR\",\"potentialAction\":[{\"@type\":\"ReadAction\",\"target\":[\"https:\/\/rafpro.io\/fr\/membres-de-rafpro\/\"]}]},{\"@type\":\"ImageObject\",\"inLanguage\":\"fr-FR\",\"@id\":\"https:\/\/rafpro.io\/fr\/membres-de-rafpro\/#primaryimage\",\"url\":\"https:\/\/rafpro.io\/wp-content\/uploads\/2022\/09\/logo-fodefca.3.jpg\",\"contentUrl\":\"https:\/\/rafpro.io\/wp-content\/uploads\/2022\/09\/logo-fodefca.3.jpg\"},{\"@type\":\"BreadcrumbList\",\"@id\":\"https:\/\/rafpro.io\/fr\/membres-de-rafpro\/#breadcrumb\",\"itemListElement\":[{\"@type\":\"ListItem\",\"position\":1,\"name\":\"Accueil\",\"item\":\"https:\/\/rafpro.io\/\"},{\"@type\":\"ListItem\",\"position\":2,\"name\":\"Institutions, Fonds, Membres du RAFPRO\"}]},{\"@type\":\"WebSite\",\"@id\":\"https:\/\/rafpro.io\/fr\/#website\",\"url\":\"https:\/\/rafpro.io\/fr\/\",\"name\":\"RAFPRO\",\"description\":\"Coordonner la formation professionnelle en Afrique\",\"publisher\":{\"@id\":\"https:\/\/rafpro.io\/fr\/#organization\"},\"potentialAction\":[{\"@type\":\"SearchAction\",\"target\":{\"@type\":\"EntryPoint\",\"urlTemplate\":\"https:\/\/rafpro.io\/fr\/?s={search_term_string}\"},\"query-input\":{\"@type\":\"PropertyValueSpecification\",\"valueRequired\":true,\"valueName\":\"search_term_string\"}}],\"inLanguage\":\"fr-FR\"},{\"@type\":\"Organization\",\"@id\":\"https:\/\/rafpro.io\/fr\/#organization\",\"name\":\"RAFPRO\",\"url\":\"https:\/\/rafpro.io\/fr\/\",\"logo\":{\"@type\":\"ImageObject\",\"inLanguage\":\"fr-FR\",\"@id\":\"https:\/\/rafpro.io\/fr\/#\/schema\/logo\/image\/\",\"url\":\"https:\/\/rafpro.io\/wp-content\/uploads\/2022\/09\/cropped-rafprologo-1-211x179-1.jpg\",\"contentUrl\":\"https:\/\/rafpro.io\/wp-content\/uploads\/2022\/09\/cropped-rafprologo-1-211x179-1.jpg\",\"width\":211,\"height\":179,\"caption\":\"RAFPRO\"},\"image\":{\"@id\":\"https:\/\/rafpro.io\/fr\/#\/schema\/logo\/image\/\"}}]}<\/script>\n<!-- \/ Yoast SEO plugin. -->","yoast_head_json":{"title":"Who are the 13 RAFPRO partner institutions and funds?","description":"RAFPRO currently brings together 13 training institutions and funds from 12 African countries: Presentation","robots":{"index":"index","follow":"follow","max-snippet":"max-snippet:-1","max-image-preview":"max-image-preview:large","max-video-preview":"max-video-preview:-1"},"canonical":"https:\/\/rafpro.io\/fr\/membres-de-rafpro\/","og_locale":"fr_FR","og_type":"article","og_title":"Who are the 13 RAFPRO partner institutions and funds?","og_description":"RAFPRO currently brings together 13 training institutions and funds from 12 African countries: Presentation","og_url":"https:\/\/rafpro.io\/fr\/membres-de-rafpro\/","og_site_name":"RAFPRO","article_modified_time":"2025-04-14T23:54:12+00:00","og_image":[{"url":"https:\/\/rafpro.io\/wp-content\/uploads\/2022\/09\/logo-fodefca.3.jpg","type":"","width":"","height":""}],"twitter_card":"summary_large_image","twitter_misc":{"Dur\u00e9e de lecture estim\u00e9e":"4 minutes"},"schema":{"@context":"https:\/\/schema.org","@graph":[{"@type":"WebPage","@id":"https:\/\/rafpro.io\/fr\/membres-de-rafpro\/","url":"https:\/\/rafpro.io\/fr\/membres-de-rafpro\/","name":"Who are the 13 RAFPRO partner institutions and funds?","isPartOf":{"@id":"https:\/\/rafpro.io\/fr\/#website"},"primaryImageOfPage":{"@id":"https:\/\/rafpro.io\/fr\/membres-de-rafpro\/#primaryimage"},"image":{"@id":"https:\/\/rafpro.io\/fr\/membres-de-rafpro\/#primaryimage"},"thumbnailUrl":"https:\/\/rafpro.io\/wp-content\/uploads\/2022\/09\/logo-fodefca.3.jpg","datePublished":"2022-09-22T13:52:50+00:00","dateModified":"2025-04-14T23:54:12+00:00","description":"RAFPRO currently brings together 13 training institutions and funds from 12 African countries: Presentation","breadcrumb":{"@id":"https:\/\/rafpro.io\/fr\/membres-de-rafpro\/#breadcrumb"},"inLanguage":"fr-FR","potentialAction":[{"@type":"ReadAction","target":["https:\/\/rafpro.io\/fr\/membres-de-rafpro\/"]}]},{"@type":"ImageObject","inLanguage":"fr-FR","@id":"https:\/\/rafpro.io\/fr\/membres-de-rafpro\/#primaryimage","url":"https:\/\/rafpro.io\/wp-content\/uploads\/2022\/09\/logo-fodefca.3.jpg","contentUrl":"https:\/\/rafpro.io\/wp-content\/uploads\/2022\/09\/logo-fodefca.3.jpg"},{"@type":"BreadcrumbList","@id":"https:\/\/rafpro.io\/fr\/membres-de-rafpro\/#breadcrumb","itemListElement":[{"@type":"ListItem","position":1,"name":"Accueil","item":"https:\/\/rafpro.io\/"},{"@type":"ListItem","position":2,"name":"Institutions, Fonds, Membres du RAFPRO"}]},{"@type":"WebSite","@id":"https:\/\/rafpro.io\/fr\/#website","url":"https:\/\/rafpro.io\/fr\/","name":"RAFPRO","description":"Coordonner la formation professionnelle en Afrique","publisher":{"@id":"https:\/\/rafpro.io\/fr\/#organization"},"potentialAction":[{"@type":"SearchAction","target":{"@type":"EntryPoint","urlTemplate":"https:\/\/rafpro.io\/fr\/?s={search_term_string}"},"query-input":{"@type":"PropertyValueSpecification","valueRequired":true,"valueName":"search_term_string"}}],"inLanguage":"fr-FR"},{"@type":"Organization","@id":"https:\/\/rafpro.io\/fr\/#organization","name":"RAFPRO","url":"https:\/\/rafpro.io\/fr\/","logo":{"@type":"ImageObject","inLanguage":"fr-FR","@id":"https:\/\/rafpro.io\/fr\/#\/schema\/logo\/image\/","url":"https:\/\/rafpro.io\/wp-content\/uploads\/2022\/09\/cropped-rafprologo-1-211x179-1.jpg","contentUrl":"https:\/\/rafpro.io\/wp-content\/uploads\/2022\/09\/cropped-rafprologo-1-211x179-1.jpg","width":211,"height":179,"caption":"RAFPRO"},"image":{"@id":"https:\/\/rafpro.io\/fr\/#\/schema\/logo\/image\/"}}]}},"_links":{"self":[{"href":"https:\/\/rafpro.io\/fr\/wp-json\/wp\/v2\/pages\/1712","targetHints":{"allow":["GET"]}}],"collection":[{"href":"https:\/\/rafpro.io\/fr\/wp-json\/wp\/v2\/pages"}],"about":[{"href":"https:\/\/rafpro.io\/fr\/wp-json\/wp\/v2\/types\/page"}],"author":[{"embeddable":true,"href":"https:\/\/rafpro.io\/fr\/wp-json\/wp\/v2\/users\/7"}],"replies":[{"embeddable":true,"href":"https:\/\/rafpro.io\/fr\/wp-json\/wp\/v2\/comments?post=1712"}],"version-history":[{"count":26,"href":"https:\/\/rafpro.io\/fr\/wp-json\/wp\/v2\/pages\/1712\/revisions"}],"predecessor-version":[{"id":2485,"href":"https:\/\/rafpro.io\/fr\/wp-json\/wp\/v2\/pages\/1712\/revisions\/2485"}],"wp:attachment":[{"href":"https:\/\/rafpro.io\/fr\/wp-json\/wp\/v2\/media?parent=1712"}],"curies":[{"name":"wp","href":"https:\/\/api.w.org\/{rel}","templated":true}]}}