{"id":2,"date":"2022-09-15T14:58:24","date_gmt":"2022-09-15T14:58:24","guid":{"rendered":"https:\/\/rafpro.io\/?page_id=2"},"modified":"2025-04-14T22:46:59","modified_gmt":"2025-04-14T23:46:59","slug":"sample-page","status":"publish","type":"page","link":"https:\/\/rafpro.io\/en\/","title":{"rendered":"Home"},"content":{"rendered":"<p><img loading=\"lazy\" decoding=\"async\" title=\"7_Djerma LAWAL Pdt\" src=\"https:\/\/rafpro.io\/wp-content\/uploads\/2022\/09\/7_Djerma-LAWAL-Pdt.jpg\" alt=\"7_Djerma LAWAL Pdt\" width=\"500\" height=\"333\" \/><\/p>\r\n<blockquote>\r\n<p>RAFPRO: African Network of Vocational Training Institutions and Funds.<\/p>\r\n<p>Au RAFPRO, nous affichons tr\u00e8s clairement notre volont\u00e9 de tendre encore plus vers la performance et l&rsquo;excellence des r\u00e9sultats dans la formation professionnelle. Bienvenu sur notre site.<\/p>\r\n<\/blockquote>\r\n<p><strong>Abdou Djerma LAWAL<\/strong> President of RAFPRO<\/p>\r\n<blockquote>\r\n<p><em>Because development is about skills<\/em><\/p>\r\n<\/blockquote>\r\n<p><img loading=\"lazy\" decoding=\"async\" title=\"jean-tossavi\" src=\"https:\/\/rafpro.io\/wp-content\/uploads\/2022\/09\/jean-tossavi.jpg\" alt=\"Jean TOSSAVI\" width=\"500\" height=\"335\" \/><\/p>\r\n<h2>What are our missions?<\/h2>\r\n<blockquote>\r\n<p>Le R\u00e9seau a pour missions, la promotion de la formation professionnelle et le d\u00e9veloppement de la culture de l&rsquo;investissement dans les ressources humaines.<\/p>\r\n<\/blockquote>\r\n<p><a href=\"https:\/\/rafpro.io\/en\/qui-sommes-nous\/\" target=\"_self\" rel=\"noopener\"><br \/>Read more<br \/><\/a><\/p>\r\n<h2>The ambitions of RAFPRO<\/h2>\r\n<p>Four strategic axes have been defined:<\/p>\r\n<ul>\r\n<li>Produce documentary and intellectual resources;<\/li>\r\n<li>Ensure the institutional strengthening and visibility of the Network<\/li>\r\n<li>D\u00e9velopper le partenariat et les r\u00e9seaux relationnels;<\/li>\r\n<li>Seek and mobilise additional resources.<\/li>\r\n<\/ul>\r\n<p><img loading=\"lazy\" decoding=\"async\" title=\"plenary meeting\" src=\"https:\/\/rafpro.io\/wp-content\/uploads\/2022\/09\/mission-rafpro.jpg\" alt=\"Les missions du rafpro\" width=\"1200\" height=\"800\" \/><\/p>\r\n<h2>Notre raison d&rsquo;\u00eatre en quelques mots&#8230;<\/h2>\r\n<p><img loading=\"lazy\" decoding=\"async\" title=\"solidarity\" src=\"https:\/\/rafpro.io\/wp-content\/uploads\/2022\/09\/img-cooperation.jpg\" alt=\"Coop\u00e9ration et \u00e9change\" width=\"300\" height=\"200\" \/><\/p>\r\n<p>Favoriser un meilleur \u00e9change d&rsquo;exp\u00e9riences sous diverses formes et l&rsquo;assistance entre membres du r\u00e9seau<\/p>\r\n<p><img loading=\"lazy\" decoding=\"async\" title=\"automobile mecanic\" src=\"https:\/\/rafpro.io\/wp-content\/uploads\/2022\/09\/img-mecanique-auto.jpg\" alt=\"encourager la formation professionnelle\" width=\"300\" height=\"200\" \/><\/p>\r\n<p>Promote vocational training institutions and funds in their country in particular and in Africa in general<\/p>\r\n<p><img loading=\"lazy\" decoding=\"async\" title=\"good habits\" src=\"https:\/\/rafpro.io\/wp-content\/uploads\/2022\/09\/img-bonne-pratique.jpg\" alt=\"Etude et bonne pratique\" width=\"300\" height=\"200\" \/><\/p>\r\n<p>Mener des \u00e9tudes et actions sur les bonnes pratiques en mati\u00e8re de formation et d&rsquo;insertion professionnelles<\/p>\r\n<p><img loading=\"lazy\" decoding=\"async\" title=\"img-r\u00e9seau-partenaire\" src=\"https:\/\/rafpro.io\/wp-content\/uploads\/2022\/09\/img-reseau-partenaire.jpg\" alt=\"Partenariat\" width=\"300\" height=\"200\" \/><\/p>\r\n<p>Favoriser la reconnaissance du R\u00e9seau comme partenaire privil\u00e9gi\u00e9 au niveau des organisations internationales puis l&rsquo;\u00e9largir \u00e0 travers le continent<\/p>\r\n<p><img loading=\"lazy\" decoding=\"async\" title=\"img-financement\" src=\"https:\/\/rafpro.io\/wp-content\/uploads\/2022\/09\/img-financement.jpg\" alt=\"Financement\" width=\"300\" height=\"200\" \/><\/p>\r\n<p>Favoriser l&rsquo;acc\u00e8s de chacun de nos membres aux sources de financement notamment, les taxes d&rsquo;apprentissage<\/p>\r\n<p><img loading=\"lazy\" decoding=\"async\" title=\"img-concertation-reflexion\" src=\"https:\/\/rafpro.io\/wp-content\/uploads\/2022\/09\/img-concertation-reflexion.jpg\" alt=\"Concertation et r\u00e9flexion\" width=\"300\" height=\"200\" \/><\/p>\r\n<p>Servir de cadre de concertation pour la conception des programmes aff\u00e9rant \u00e0\u00a0 l&#8217;emploi, l&rsquo;insertion professionnelle et la lutte contre la pauvret\u00e9<\/p>\r\n<h2>Latest news on RAFPRO<\/h2>\r\n<p><a href=\"https:\/\/rafpro.io\/en\/blog\/\">STAY UP TO DATE WITH OUR NEWS<\/a><\/p>\r\n<h2>Members of RAFPRO<\/h2>\r\n<p><a href=\"https:\/\/rafpro.io\/en\/membres-de-rafpro\/\">DISCOVER THE INSTITUTIONS AND FUNDS, MEMBERS OF RAFPRO\u00a0<\/a><\/p>\r\n<h2>Active and involved funds:<\/h2>\r\n<p>RAFPRO currently brings together thirteen (13) training institutions and funds from twelve (12) countries across the African continent.<\/p>\r\n<p><a href=\"https:\/\/rafpro.io\/en\/membres-de-rafpro\/\" target=\"_self\" rel=\"noopener\"><br \/>See the partner page<br \/><\/a><\/p>\r\n<h3>Contact us<\/h3>\r\n<p>Thank you for your interest. Please fill in the following form to send us your question or remark and we will answer you as soon as possible!<\/p>","protected":false},"excerpt":{"rendered":"<p>RAFPRO: R\u00e9seau Africain des Institutions et Fonds de Formation Professionnelle. Au RAFPRO, nous affichons tr\u00e8s clairement notre volont\u00e9 de tendre encore plus vers la performance et l&rsquo;excellence des r\u00e9sultats dans la formation professionnelle. Bienvenu sur notre site. Abdou Djerma LAWAL Pr\u00e9sident du RAFPRO Parce que le d\u00e9veloppement est une affaire de comp\u00e9tences Quelles sont nos &#8230; <a title=\"Home\" class=\"read-more\" href=\"https:\/\/rafpro.io\/en\/\" aria-label=\"More on Accueil\">Read more<\/a><\/p>","protected":false},"author":7,"featured_media":0,"parent":0,"menu_order":0,"comment_status":"closed","ping_status":"open","template":"","meta":{"footnotes":""},"class_list":["post-2","page","type-page","status-publish"],"yoast_head":"<!-- This site is optimized with the Yoast SEO plugin v25.7 - https:\/\/yoast.com\/wordpress\/plugins\/seo\/ -->\n<title>RAFPRO: r\u00e9seau africain des fonds de formation professionnelle<\/title>\n<meta name=\"description\" content=\"Le rafpro assure la promotion de la formation professionnelle \u00e0 travers une culture commune du d\u00e9veloppement de la main d&#039;oeuvre en Afrique.\" \/>\n<meta name=\"robots\" content=\"index, follow, max-snippet:-1, max-image-preview:large, max-video-preview:-1\" \/>\n<link rel=\"canonical\" href=\"https:\/\/rafpro.io\/en\/\" \/>\n<meta property=\"og:locale\" content=\"en_US\" \/>\n<meta property=\"og:type\" content=\"article\" \/>\n<meta property=\"og:title\" content=\"RAFPRO: r\u00e9seau africain des fonds de formation professionnelle\" \/>\n<meta property=\"og:description\" content=\"Le rafpro assure la promotion de la formation professionnelle \u00e0 travers une culture commune du d\u00e9veloppement de la main d&#039;oeuvre en Afrique.\" \/>\n<meta property=\"og:url\" content=\"https:\/\/rafpro.io\/en\/\" \/>\n<meta property=\"og:site_name\" content=\"RAFPRO\" \/>\n<meta property=\"article:modified_time\" content=\"2025-04-14T23:46:59+00:00\" \/>\n<meta property=\"og:image\" content=\"https:\/\/rafpro.io\/wp-content\/uploads\/2022\/09\/7_Djerma-LAWAL-Pdt.jpg\" \/>\n<meta name=\"twitter:card\" content=\"summary_large_image\" \/>\n<meta name=\"twitter:label1\" content=\"Est. reading time\" \/>\n\t<meta name=\"twitter:data1\" content=\"4 minutes\" \/>\n<script type=\"application\/ld+json\" class=\"yoast-schema-graph\">{\"@context\":\"https:\/\/schema.org\",\"@graph\":[{\"@type\":\"WebPage\",\"@id\":\"https:\/\/rafpro.io\/\",\"url\":\"https:\/\/rafpro.io\/\",\"name\":\"RAFPRO: r\u00e9seau africain des fonds de formation professionnelle\",\"isPartOf\":{\"@id\":\"https:\/\/rafpro.io\/fr\/#website\"},\"primaryImageOfPage\":{\"@id\":\"https:\/\/rafpro.io\/#primaryimage\"},\"image\":{\"@id\":\"https:\/\/rafpro.io\/#primaryimage\"},\"thumbnailUrl\":\"https:\/\/rafpro.io\/wp-content\/uploads\/2022\/09\/7_Djerma-LAWAL-Pdt.jpg\",\"datePublished\":\"2022-09-15T14:58:24+00:00\",\"dateModified\":\"2025-04-14T23:46:59+00:00\",\"description\":\"Le rafpro assure la promotion de la formation professionnelle \u00e0 travers une culture commune du d\u00e9veloppement de la main d'oeuvre en Afrique.\",\"breadcrumb\":{\"@id\":\"https:\/\/rafpro.io\/#breadcrumb\"},\"inLanguage\":\"en-US\",\"potentialAction\":[{\"@type\":\"ReadAction\",\"target\":[\"https:\/\/rafpro.io\/\"]}]},{\"@type\":\"ImageObject\",\"inLanguage\":\"en-US\",\"@id\":\"https:\/\/rafpro.io\/#primaryimage\",\"url\":\"https:\/\/rafpro.io\/wp-content\/uploads\/2022\/09\/7_Djerma-LAWAL-Pdt.jpg\",\"contentUrl\":\"https:\/\/rafpro.io\/wp-content\/uploads\/2022\/09\/7_Djerma-LAWAL-Pdt.jpg\"},{\"@type\":\"BreadcrumbList\",\"@id\":\"https:\/\/rafpro.io\/#breadcrumb\",\"itemListElement\":[{\"@type\":\"ListItem\",\"position\":1,\"name\":\"Accueil\",\"item\":\"https:\/\/rafpro.io\/\"},{\"@type\":\"ListItem\",\"position\":2,\"name\":\"Accueil\"}]},{\"@type\":\"WebSite\",\"@id\":\"https:\/\/rafpro.io\/fr\/#website\",\"url\":\"https:\/\/rafpro.io\/fr\/\",\"name\":\"RAFPRO\",\"description\":\"Coordonner la formation professionnelle en Afrique\",\"publisher\":{\"@id\":\"https:\/\/rafpro.io\/fr\/#organization\"},\"potentialAction\":[{\"@type\":\"SearchAction\",\"target\":{\"@type\":\"EntryPoint\",\"urlTemplate\":\"https:\/\/rafpro.io\/fr\/?s={search_term_string}\"},\"query-input\":{\"@type\":\"PropertyValueSpecification\",\"valueRequired\":true,\"valueName\":\"search_term_string\"}}],\"inLanguage\":\"en-US\"},{\"@type\":\"Organization\",\"@id\":\"https:\/\/rafpro.io\/fr\/#organization\",\"name\":\"RAFPRO\",\"url\":\"https:\/\/rafpro.io\/fr\/\",\"logo\":{\"@type\":\"ImageObject\",\"inLanguage\":\"en-US\",\"@id\":\"https:\/\/rafpro.io\/fr\/#\/schema\/logo\/image\/\",\"url\":\"https:\/\/rafpro.io\/wp-content\/uploads\/2022\/09\/cropped-rafprologo-1-211x179-1.jpg\",\"contentUrl\":\"https:\/\/rafpro.io\/wp-content\/uploads\/2022\/09\/cropped-rafprologo-1-211x179-1.jpg\",\"width\":211,\"height\":179,\"caption\":\"RAFPRO\"},\"image\":{\"@id\":\"https:\/\/rafpro.io\/fr\/#\/schema\/logo\/image\/\"}}]}<\/script>\n<!-- \/ Yoast SEO plugin. -->","yoast_head_json":{"title":"RAFPRO: r\u00e9seau africain des fonds de formation professionnelle","description":"Le rafpro assure la promotion de la formation professionnelle \u00e0 travers une culture commune du d\u00e9veloppement de la main d'oeuvre en Afrique.","robots":{"index":"index","follow":"follow","max-snippet":"max-snippet:-1","max-image-preview":"max-image-preview:large","max-video-preview":"max-video-preview:-1"},"canonical":"https:\/\/rafpro.io\/en\/","og_locale":"en_US","og_type":"article","og_title":"RAFPRO: r\u00e9seau africain des fonds de formation professionnelle","og_description":"Le rafpro assure la promotion de la formation professionnelle \u00e0 travers une culture commune du d\u00e9veloppement de la main d'oeuvre en Afrique.","og_url":"https:\/\/rafpro.io\/en\/","og_site_name":"RAFPRO","article_modified_time":"2025-04-14T23:46:59+00:00","og_image":[{"url":"https:\/\/rafpro.io\/wp-content\/uploads\/2022\/09\/7_Djerma-LAWAL-Pdt.jpg","type":"","width":"","height":""}],"twitter_card":"summary_large_image","twitter_misc":{"Est. reading time":"4 minutes"},"schema":{"@context":"https:\/\/schema.org","@graph":[{"@type":"WebPage","@id":"https:\/\/rafpro.io\/","url":"https:\/\/rafpro.io\/","name":"RAFPRO: r\u00e9seau africain des fonds de formation professionnelle","isPartOf":{"@id":"https:\/\/rafpro.io\/fr\/#website"},"primaryImageOfPage":{"@id":"https:\/\/rafpro.io\/#primaryimage"},"image":{"@id":"https:\/\/rafpro.io\/#primaryimage"},"thumbnailUrl":"https:\/\/rafpro.io\/wp-content\/uploads\/2022\/09\/7_Djerma-LAWAL-Pdt.jpg","datePublished":"2022-09-15T14:58:24+00:00","dateModified":"2025-04-14T23:46:59+00:00","description":"Le rafpro assure la promotion de la formation professionnelle \u00e0 travers une culture commune du d\u00e9veloppement de la main d'oeuvre en Afrique.","breadcrumb":{"@id":"https:\/\/rafpro.io\/#breadcrumb"},"inLanguage":"en-US","potentialAction":[{"@type":"ReadAction","target":["https:\/\/rafpro.io\/"]}]},{"@type":"ImageObject","inLanguage":"en-US","@id":"https:\/\/rafpro.io\/#primaryimage","url":"https:\/\/rafpro.io\/wp-content\/uploads\/2022\/09\/7_Djerma-LAWAL-Pdt.jpg","contentUrl":"https:\/\/rafpro.io\/wp-content\/uploads\/2022\/09\/7_Djerma-LAWAL-Pdt.jpg"},{"@type":"BreadcrumbList","@id":"https:\/\/rafpro.io\/#breadcrumb","itemListElement":[{"@type":"ListItem","position":1,"name":"Accueil","item":"https:\/\/rafpro.io\/"},{"@type":"ListItem","position":2,"name":"Accueil"}]},{"@type":"WebSite","@id":"https:\/\/rafpro.io\/fr\/#website","url":"https:\/\/rafpro.io\/fr\/","name":"RAFPRO","description":"Coordinating vocational training in Africa","publisher":{"@id":"https:\/\/rafpro.io\/fr\/#organization"},"potentialAction":[{"@type":"SearchAction","target":{"@type":"EntryPoint","urlTemplate":"https:\/\/rafpro.io\/fr\/?s={search_term_string}"},"query-input":{"@type":"PropertyValueSpecification","valueRequired":true,"valueName":"search_term_string"}}],"inLanguage":"en-US"},{"@type":"Organization","@id":"https:\/\/rafpro.io\/fr\/#organization","name":"RAFPRO","url":"https:\/\/rafpro.io\/fr\/","logo":{"@type":"ImageObject","inLanguage":"en-US","@id":"https:\/\/rafpro.io\/fr\/#\/schema\/logo\/image\/","url":"https:\/\/rafpro.io\/wp-content\/uploads\/2022\/09\/cropped-rafprologo-1-211x179-1.jpg","contentUrl":"https:\/\/rafpro.io\/wp-content\/uploads\/2022\/09\/cropped-rafprologo-1-211x179-1.jpg","width":211,"height":179,"caption":"RAFPRO"},"image":{"@id":"https:\/\/rafpro.io\/fr\/#\/schema\/logo\/image\/"}}]}},"_links":{"self":[{"href":"https:\/\/rafpro.io\/en\/wp-json\/wp\/v2\/pages\/2","targetHints":{"allow":["GET"]}}],"collection":[{"href":"https:\/\/rafpro.io\/en\/wp-json\/wp\/v2\/pages"}],"about":[{"href":"https:\/\/rafpro.io\/en\/wp-json\/wp\/v2\/types\/page"}],"author":[{"embeddable":true,"href":"https:\/\/rafpro.io\/en\/wp-json\/wp\/v2\/users\/7"}],"replies":[{"embeddable":true,"href":"https:\/\/rafpro.io\/en\/wp-json\/wp\/v2\/comments?post=2"}],"version-history":[{"count":0,"href":"https:\/\/rafpro.io\/en\/wp-json\/wp\/v2\/pages\/2\/revisions"}],"wp:attachment":[{"href":"https:\/\/rafpro.io\/en\/wp-json\/wp\/v2\/media?parent=2"}],"curies":[{"name":"wp","href":"https:\/\/api.w.org\/{rel}","templated":true}]}}